{"id":99,"date":"2015-07-15T20:30:06","date_gmt":"2015-07-15T20:30:06","guid":{"rendered":"http:\/\/franequip.com.ar\/wp2\/?post_type=product&#038;p=99"},"modified":"2019-06-15T00:51:31","modified_gmt":"2019-06-15T00:51:31","slug":"horno-convector-brafh-hc-820-electrico-o-gas","status":"publish","type":"product","link":"http:\/\/franequip.com.ar\/wp2\/producto\/horno-convector-brafh-hc-820-electrico-o-gas\/","title":{"rendered":"Horno CONVECTOR Brafh HC 820 ELECTRICO o GAS"},"content":{"rendered":"<p>Horno CONVECTOR Brafh HC 820 ELECTRICO o GAS<\/p>\n<p>\u00bb CARACTER\u00cdSTICAS:<\/p>\n<p>\u00bb Capacidad: 6 bandejas de 530&#215;325 mm o 6 GN 1:1<\/p>\n<p>\u00bb Alimentaci\u00f3n principal: Gas o Energ\u00eda \u00c9lectrica<\/p>\n<p>\u00bb Panel de comando autoprogramable<\/p>\n<p>\u00bb Sistema de humidificaci\u00f3n por medio de vapor<\/p>\n<p>\u00bb Uniformidad de cocci\u00f3n<\/p>\n<p>\u00bb Dimensi\u00f3n: 820x700x1600mm<\/p>\n<p>\u00bb Incluye base de ca\u00f1o estructural revestido en pintura epoxi<\/p>\n","protected":false},"excerpt":{"rendered":"<p>Horno CONVECTOR Brafh HC 820 ELECTRICO o GAS \u00bb CARACTER\u00cdSTICAS: \u00bb Capacidad: 6 bandejas de 530&#215;325 mm o 6 GN 1:1 \u00bb Alimentaci\u00f3n principal: Gas o Energ\u00eda \u00c9lectrica \u00bb Panel de comando autoprogramable \u00bb Sistema de humidificaci\u00f3n por medio de vapor \u00bb Uniformidad de cocci\u00f3n \u00bb Dimensi\u00f3n: 820x700x1600mm \u00bb Incluye base de ca\u00f1o estructural revestido <a class=\"read-more\" href=\"http:\/\/franequip.com.ar\/wp2\/producto\/horno-convector-brafh-hc-820-electrico-o-gas\/\">Read More<\/a><\/p>\n","protected":false},"featured_media":100,"comment_status":"open","ping_status":"closed","template":"","meta":{"_exactmetrics_skip_tracking":false,"_exactmetrics_sitenote_active":false,"_exactmetrics_sitenote_note":"","_exactmetrics_sitenote_category":0},"product_brand":[],"product_cat":[20],"product_tag":[29,26,28,30,21],"class_list":{"0":"post-99","1":"product","2":"type-product","3":"status-publish","4":"has-post-thumbnail","6":"product_cat-hornos","7":"product_tag-brafh","8":"product_tag-convector","9":"product_tag-electrico","10":"product_tag-gas","11":"product_tag-horno","12":"dc_vendor_shop-vendedor2","14":"first","15":"instock","16":"shipping-taxable","17":"product-type-simple"},"_links":{"self":[{"href":"http:\/\/franequip.com.ar\/wp2\/wp-json\/wp\/v2\/product\/99","targetHints":{"allow":["GET"]}}],"collection":[{"href":"http:\/\/franequip.com.ar\/wp2\/wp-json\/wp\/v2\/product"}],"about":[{"href":"http:\/\/franequip.com.ar\/wp2\/wp-json\/wp\/v2\/types\/product"}],"replies":[{"embeddable":true,"href":"http:\/\/franequip.com.ar\/wp2\/wp-json\/wp\/v2\/comments?post=99"}],"wp:featuredmedia":[{"embeddable":true,"href":"http:\/\/franequip.com.ar\/wp2\/wp-json\/wp\/v2\/media\/100"}],"wp:attachment":[{"href":"http:\/\/franequip.com.ar\/wp2\/wp-json\/wp\/v2\/media?parent=99"}],"wp:term":[{"taxonomy":"product_brand","embeddable":true,"href":"http:\/\/franequip.com.ar\/wp2\/wp-json\/wp\/v2\/product_brand?post=99"},{"taxonomy":"product_cat","embeddable":true,"href":"http:\/\/franequip.com.ar\/wp2\/wp-json\/wp\/v2\/product_cat?post=99"},{"taxonomy":"product_tag","embeddable":true,"href":"http:\/\/franequip.com.ar\/wp2\/wp-json\/wp\/v2\/product_tag?post=99"}],"curies":[{"name":"wp","href":"https:\/\/api.w.org\/{rel}","templated":true}]}}