{"id":89,"date":"2015-07-15T20:10:29","date_gmt":"2015-07-15T20:10:29","guid":{"rendered":"http:\/\/franequip.com.ar\/wp2\/?post_type=product&#038;p=89"},"modified":"2019-06-15T00:51:30","modified_gmt":"2019-06-15T00:51:30","slug":"horno-convector-brafh-hc-1030-electrico-o-gas","status":"publish","type":"product","link":"http:\/\/franequip.com.ar\/wp2\/producto\/horno-convector-brafh-hc-1030-electrico-o-gas\/","title":{"rendered":"Horno Convector Brafh HC 1030 electrico o gas"},"content":{"rendered":"<p>Horno Convector Brafh HC 1030 electrico o gas<\/p>\n<p>\u00bb CARACTER\u00cdSTICAS:<\/p>\n<p>\u00bb Capacidad: 10 bandejas de 700x450mm o 20 GN 1:1<\/p>\n<p>\u00bb Alimentaci\u00f3n principal: Gas o Energ\u00eda \u00c9lectrica<\/p>\n<p>\u00bb Panel de comando autoprogramable<\/p>\n<p>\u00bb Sistema de humidificaci\u00f3n por medio de vapor<\/p>\n<p>\u00bb Uniformidad de cocci\u00f3n<\/p>\n<p>\u00bb Dimensi\u00f3n: 1030x1150x1673mm<\/p>\n<p>\u00bb Incluye base de ca\u00f1o estructural revestido en pintura epoxi con gu\u00edas para el almacenamiento de bandejas.<\/p>\n","protected":false},"excerpt":{"rendered":"<p>Horno Convector Brafh HC 1030 electrico o gas \u00bb CARACTER\u00cdSTICAS: \u00bb Capacidad: 10 bandejas de 700x450mm o 20 GN 1:1 \u00bb Alimentaci\u00f3n principal: Gas o Energ\u00eda \u00c9lectrica \u00bb Panel de comando autoprogramable \u00bb Sistema de humidificaci\u00f3n por medio de vapor \u00bb Uniformidad de cocci\u00f3n \u00bb Dimensi\u00f3n: 1030x1150x1673mm \u00bb Incluye base de ca\u00f1o estructural revestido en <a class=\"read-more\" href=\"http:\/\/franequip.com.ar\/wp2\/producto\/horno-convector-brafh-hc-1030-electrico-o-gas\/\">Read More<\/a><\/p>\n","protected":false},"featured_media":90,"comment_status":"open","ping_status":"closed","template":"","meta":{"_exactmetrics_skip_tracking":false,"_exactmetrics_sitenote_active":false,"_exactmetrics_sitenote_note":"","_exactmetrics_sitenote_category":0},"product_brand":[],"product_cat":[20],"product_tag":[29,26,28,21],"class_list":{"0":"post-89","1":"product","2":"type-product","3":"status-publish","4":"has-post-thumbnail","6":"product_cat-hornos","7":"product_tag-brafh","8":"product_tag-convector","9":"product_tag-electrico","10":"product_tag-horno","11":"dc_vendor_shop-vendedor2","13":"first","14":"instock","15":"shipping-taxable","16":"product-type-simple"},"_links":{"self":[{"href":"http:\/\/franequip.com.ar\/wp2\/wp-json\/wp\/v2\/product\/89","targetHints":{"allow":["GET"]}}],"collection":[{"href":"http:\/\/franequip.com.ar\/wp2\/wp-json\/wp\/v2\/product"}],"about":[{"href":"http:\/\/franequip.com.ar\/wp2\/wp-json\/wp\/v2\/types\/product"}],"replies":[{"embeddable":true,"href":"http:\/\/franequip.com.ar\/wp2\/wp-json\/wp\/v2\/comments?post=89"}],"wp:featuredmedia":[{"embeddable":true,"href":"http:\/\/franequip.com.ar\/wp2\/wp-json\/wp\/v2\/media\/90"}],"wp:attachment":[{"href":"http:\/\/franequip.com.ar\/wp2\/wp-json\/wp\/v2\/media?parent=89"}],"wp:term":[{"taxonomy":"product_brand","embeddable":true,"href":"http:\/\/franequip.com.ar\/wp2\/wp-json\/wp\/v2\/product_brand?post=89"},{"taxonomy":"product_cat","embeddable":true,"href":"http:\/\/franequip.com.ar\/wp2\/wp-json\/wp\/v2\/product_cat?post=89"},{"taxonomy":"product_tag","embeddable":true,"href":"http:\/\/franequip.com.ar\/wp2\/wp-json\/wp\/v2\/product_tag?post=89"}],"curies":[{"name":"wp","href":"https:\/\/api.w.org\/{rel}","templated":true}]}}