{"id":884,"date":"2015-09-01T16:17:21","date_gmt":"2015-09-01T16:17:21","guid":{"rendered":"http:\/\/franequip.com.ar\/wp2\/?post_type=product&#038;p=884"},"modified":"2019-06-15T00:53:24","modified_gmt":"2019-06-15T00:53:24","slug":"sierra-freire-mod-275-y-325","status":"publish","type":"product","link":"http:\/\/franequip.com.ar\/wp2\/producto\/sierra-freire-mod-275-y-325\/","title":{"rendered":"SIERRA FREIRE MOD 275 Y 325"},"content":{"rendered":"<h1 id=\"productName\" class=\"productGeneral\">SIERRA FREIRE MOD 275 Y 325<\/h1>\n<h2 id=\"productPrices\" class=\"productGeneral\"><\/h2>\n<div id=\"productDescription\" class=\"productGeneral biggerText\">\n<h3>Sierra Freire- MOD. ML 325<\/h3>\n<p>Gabinete exterior en chapa 14\u00b4 con refuerzos interiores en hierro U N\u00ba 8, Pintura en Polvo,\u00a0 Motor 1 \u00bd HP. (1450 RPM.) Monof\u00e1sico o trif\u00e1sico, mesada de m\u00e1rmol de excelente calidad, sistema de regulaci\u00f3n de doble ajuste, volantes superior e inferior de 6 rayos de 0\/ 390 mm montados sobre rodamientos, fabricados en fundici\u00f3n gris, doble tolva con tacho aserrinero, dos gu\u00edas de hojas de tefl\u00f3n.<\/p>\n<h3>\n<a id=\"sierrafreire275\"><\/a>Sierra Mediana \u2013 MOD. 275<\/h3>\n<p>Gabinete exterior en chapa DD 14 con refuerzos interiores en hierro UPN. Pintura en polvo termo convertible. Motor 1 HP. Monof\u00e1sico o trif\u00e1sico. Mesada de m\u00e1rmol. Sistema de regulaci\u00f3n de doble ajuste.<br \/>\nVolante superior e informaci\u00f3n de seis rayos de 280 mm de di\u00e1m., montado sobre rodamientos de primera calidad, fabricados en fundici\u00f3n gris. Gu\u00edas de hojas en tefl\u00f3n.<\/p>\n<\/div>\n","protected":false},"excerpt":{"rendered":"<p>SIERRA FREIRE MOD 275 Y 325 Sierra Freire- MOD. ML 325 Gabinete exterior en chapa 14\u00b4 con refuerzos interiores en hierro U N\u00ba 8, Pintura en Polvo,\u00a0 Motor 1 \u00bd HP. (1450 RPM.) Monof\u00e1sico o trif\u00e1sico, mesada de m\u00e1rmol de excelente calidad, sistema de regulaci\u00f3n de doble ajuste, volantes superior e inferior de 6 rayos <a class=\"read-more\" href=\"http:\/\/franequip.com.ar\/wp2\/producto\/sierra-freire-mod-275-y-325\/\">Read More<\/a><\/p>\n","protected":false},"featured_media":885,"comment_status":"open","ping_status":"closed","template":"","meta":{"_exactmetrics_skip_tracking":false,"_exactmetrics_sitenote_active":false,"_exactmetrics_sitenote_note":"","_exactmetrics_sitenote_category":0},"product_brand":[],"product_cat":[145],"product_tag":[],"class_list":{"0":"post-884","1":"product","2":"type-product","3":"status-publish","4":"has-post-thumbnail","6":"product_cat-linea-carniceria","7":"dc_vendor_shop-vendedor2","9":"first","10":"instock","11":"shipping-taxable","12":"product-type-simple"},"_links":{"self":[{"href":"http:\/\/franequip.com.ar\/wp2\/wp-json\/wp\/v2\/product\/884","targetHints":{"allow":["GET"]}}],"collection":[{"href":"http:\/\/franequip.com.ar\/wp2\/wp-json\/wp\/v2\/product"}],"about":[{"href":"http:\/\/franequip.com.ar\/wp2\/wp-json\/wp\/v2\/types\/product"}],"replies":[{"embeddable":true,"href":"http:\/\/franequip.com.ar\/wp2\/wp-json\/wp\/v2\/comments?post=884"}],"wp:featuredmedia":[{"embeddable":true,"href":"http:\/\/franequip.com.ar\/wp2\/wp-json\/wp\/v2\/media\/885"}],"wp:attachment":[{"href":"http:\/\/franequip.com.ar\/wp2\/wp-json\/wp\/v2\/media?parent=884"}],"wp:term":[{"taxonomy":"product_brand","embeddable":true,"href":"http:\/\/franequip.com.ar\/wp2\/wp-json\/wp\/v2\/product_brand?post=884"},{"taxonomy":"product_cat","embeddable":true,"href":"http:\/\/franequip.com.ar\/wp2\/wp-json\/wp\/v2\/product_cat?post=884"},{"taxonomy":"product_tag","embeddable":true,"href":"http:\/\/franequip.com.ar\/wp2\/wp-json\/wp\/v2\/product_tag?post=884"}],"curies":[{"name":"wp","href":"https:\/\/api.w.org\/{rel}","templated":true}]}}