{"id":882,"date":"2015-09-01T16:15:42","date_gmt":"2015-09-01T16:15:42","guid":{"rendered":"http:\/\/franequip.com.ar\/wp2\/?post_type=product&#038;p=882"},"modified":"2019-06-15T00:53:24","modified_gmt":"2019-06-15T00:53:24","slug":"sierra-carniceria-fl","status":"publish","type":"product","link":"http:\/\/franequip.com.ar\/wp2\/producto\/sierra-carniceria-fl\/","title":{"rendered":"SIERRA CARNICERIA FL"},"content":{"rendered":"<h1 id=\"productName\" class=\"productGeneral\">SIERRA CARNICERIA FL<\/h1>\n<h2 id=\"productPrices\" class=\"productGeneral\"><\/h2>\n<div id=\"productDescription\" class=\"productGeneral biggerText\">\n<h2>Sierra Carnicera<\/h2>\n<table>\n<tbody>\n<tr>\n<th scope=\"col\">Caracter\u00edstica<\/th>\n<th scope=\"col\">Gabinete<\/th>\n<th scope=\"col\">Motor<\/th>\n<\/tr>\n<tr>\n<td>Hoja de sierra<br \/>\nde 350 cm<\/td>\n<td>Met\u00e1lico recubierto<br \/>\ncon pintura Epoxi<\/td>\n<td>1.5 HP monof\u00e1sico<br \/>\no trif\u00e1sico<\/td>\n<\/tr>\n<\/tbody>\n<\/table>\n<\/div>\n","protected":false},"excerpt":{"rendered":"<p>SIERRA CARNICERIA FL Sierra Carnicera Caracter\u00edstica Gabinete Motor Hoja de sierra de 350 cm Met\u00e1lico recubierto con pintura Epoxi 1.5 HP monof\u00e1sico o trif\u00e1sico<\/p>\n","protected":false},"featured_media":883,"comment_status":"open","ping_status":"closed","template":"","meta":{"_exactmetrics_skip_tracking":false,"_exactmetrics_sitenote_active":false,"_exactmetrics_sitenote_note":"","_exactmetrics_sitenote_category":0},"product_brand":[],"product_cat":[145],"product_tag":[],"class_list":{"0":"post-882","1":"product","2":"type-product","3":"status-publish","4":"has-post-thumbnail","6":"product_cat-linea-carniceria","7":"dc_vendor_shop-vendedor2","9":"first","10":"instock","11":"shipping-taxable","12":"product-type-simple"},"_links":{"self":[{"href":"http:\/\/franequip.com.ar\/wp2\/wp-json\/wp\/v2\/product\/882","targetHints":{"allow":["GET"]}}],"collection":[{"href":"http:\/\/franequip.com.ar\/wp2\/wp-json\/wp\/v2\/product"}],"about":[{"href":"http:\/\/franequip.com.ar\/wp2\/wp-json\/wp\/v2\/types\/product"}],"replies":[{"embeddable":true,"href":"http:\/\/franequip.com.ar\/wp2\/wp-json\/wp\/v2\/comments?post=882"}],"wp:featuredmedia":[{"embeddable":true,"href":"http:\/\/franequip.com.ar\/wp2\/wp-json\/wp\/v2\/media\/883"}],"wp:attachment":[{"href":"http:\/\/franequip.com.ar\/wp2\/wp-json\/wp\/v2\/media?parent=882"}],"wp:term":[{"taxonomy":"product_brand","embeddable":true,"href":"http:\/\/franequip.com.ar\/wp2\/wp-json\/wp\/v2\/product_brand?post=882"},{"taxonomy":"product_cat","embeddable":true,"href":"http:\/\/franequip.com.ar\/wp2\/wp-json\/wp\/v2\/product_cat?post=882"},{"taxonomy":"product_tag","embeddable":true,"href":"http:\/\/franequip.com.ar\/wp2\/wp-json\/wp\/v2\/product_tag?post=882"}],"curies":[{"name":"wp","href":"https:\/\/api.w.org\/{rel}","templated":true}]}}