{"id":878,"date":"2015-09-01T16:13:18","date_gmt":"2015-09-01T16:13:18","guid":{"rendered":"http:\/\/franequip.com.ar\/wp2\/?post_type=product&#038;p=878"},"modified":"2019-06-15T00:53:22","modified_gmt":"2019-06-15T00:53:22","slug":"picadora-de-carne-32-fl","status":"publish","type":"product","link":"http:\/\/franequip.com.ar\/wp2\/producto\/picadora-de-carne-32-fl\/","title":{"rendered":"PICADORA de CARNE 32 FL"},"content":{"rendered":"<h1 id=\"productName\" class=\"productGeneral\">PICADORA de CARNE 32 FL<\/h1>\n<h2 id=\"productPrices\" class=\"productGeneral\"><\/h2>\n<div id=\"productDescription\" class=\"productGeneral biggerText\">\n<h2>Picadora de carne<\/h2>\n<table>\n<tbody>\n<tr>\n<th scope=\"col\">Calibre<\/th>\n<th scope=\"col\">Producci\u00f3n<br \/>\npor hora<\/th>\n<th scope=\"col\">Motor<\/th>\n<th scope=\"col\">Cuerpo<\/th>\n<th scope=\"col\">Cabezal, gusano y volante<\/th>\n<th scope=\"col\">Bandeja<\/th>\n<th scope=\"col\">Peso<\/th>\n<\/tr>\n<tr>\n<td>P-32<\/td>\n<td>300 kg<\/td>\n<td>1.5 HP<br \/>\nTrif\u00e1sico o Monof\u00e1sico<\/td>\n<td>Acero Inoxidable<\/td>\n<td>Fund. de Hierro<br \/>\n\u00f3 Acero Inoxidable<\/td>\n<td>Acero Inoxidable<\/td>\n<td>45 kg<\/td>\n<\/tr>\n<\/tbody>\n<\/table>\n<\/div>\n","protected":false},"excerpt":{"rendered":"<p>PICADORA de CARNE 32 FL Picadora de carne Calibre Producci\u00f3n por hora Motor Cuerpo Cabezal, gusano y volante Bandeja Peso P-32 300 kg 1.5 HP Trif\u00e1sico o Monof\u00e1sico Acero Inoxidable Fund. de Hierro \u00f3 Acero Inoxidable Acero Inoxidable 45 kg<\/p>\n","protected":false},"featured_media":879,"comment_status":"open","ping_status":"closed","template":"","meta":{"_exactmetrics_skip_tracking":false,"_exactmetrics_sitenote_active":false,"_exactmetrics_sitenote_note":"","_exactmetrics_sitenote_category":0},"product_brand":[],"product_cat":[145],"product_tag":[],"class_list":{"0":"post-878","1":"product","2":"type-product","3":"status-publish","4":"has-post-thumbnail","6":"product_cat-linea-carniceria","7":"dc_vendor_shop-vendedor2","9":"first","10":"instock","11":"shipping-taxable","12":"product-type-simple"},"_links":{"self":[{"href":"http:\/\/franequip.com.ar\/wp2\/wp-json\/wp\/v2\/product\/878","targetHints":{"allow":["GET"]}}],"collection":[{"href":"http:\/\/franequip.com.ar\/wp2\/wp-json\/wp\/v2\/product"}],"about":[{"href":"http:\/\/franequip.com.ar\/wp2\/wp-json\/wp\/v2\/types\/product"}],"replies":[{"embeddable":true,"href":"http:\/\/franequip.com.ar\/wp2\/wp-json\/wp\/v2\/comments?post=878"}],"wp:featuredmedia":[{"embeddable":true,"href":"http:\/\/franequip.com.ar\/wp2\/wp-json\/wp\/v2\/media\/879"}],"wp:attachment":[{"href":"http:\/\/franequip.com.ar\/wp2\/wp-json\/wp\/v2\/media?parent=878"}],"wp:term":[{"taxonomy":"product_brand","embeddable":true,"href":"http:\/\/franequip.com.ar\/wp2\/wp-json\/wp\/v2\/product_brand?post=878"},{"taxonomy":"product_cat","embeddable":true,"href":"http:\/\/franequip.com.ar\/wp2\/wp-json\/wp\/v2\/product_cat?post=878"},{"taxonomy":"product_tag","embeddable":true,"href":"http:\/\/franequip.com.ar\/wp2\/wp-json\/wp\/v2\/product_tag?post=878"}],"curies":[{"name":"wp","href":"https:\/\/api.w.org\/{rel}","templated":true}]}}