{"id":81,"date":"2015-07-15T19:39:46","date_gmt":"2015-07-15T19:39:46","guid":{"rendered":"http:\/\/franequip.com.ar\/wp2\/?post_type=product&#038;p=81"},"modified":"2019-06-15T00:51:30","modified_gmt":"2019-06-15T00:51:30","slug":"horno-pauna-convector-beta-107-ipa","status":"publish","type":"product","link":"http:\/\/franequip.com.ar\/wp2\/producto\/horno-pauna-convector-beta-107-ipa\/","title":{"rendered":"Horno Pauna Convector Beta 107 ipa a"},"content":{"rendered":"<p>Horno Pauna Convector Beta 107 ipa<\/p>\n<p>Los hornos convectores BETA 107 han sido desarrollados t\u00e9cnicamente para funcionar en locales de superficie reducida, respetando las caracter\u00edsticas para un correcto horneado.<br \/>\nCuentan con vapor interno y tiempo de cocci\u00f3n temporizado con comando manual, temperatura programable y alarma sonora de finalizaci\u00f3n de ciclo. Tienen bajo consumo, m\u00e1ximo rendimiento y facilidad de maniobra, por lo que son ideales como terminales de cocci\u00f3n de productos frescos, refrigerados o ultraenfriados.<br \/>\nCaracter\u00edsticas:\ufeff<br \/>\nCon panel programable de hasta 30 programas de cocci\u00f3n temperatura \/ tiempo<br \/>\nCapacidad: 4 Bandejas 600 x 400 mm<br \/>\nGabinete exterior de acero inoxidable<br \/>\nC\u00e1mara de cocci\u00f3n de acero inoxidable<br \/>\nRegulaci\u00f3n termostato: 50\u00baC \/ 300\u00baC<br \/>\nRegulaci\u00f3n tiempo: 0 a 60 minutos<br \/>\nPortabandejas desmontables<br \/>\nPuerta de vidrio templado alta temperatura<br \/>\nAislaci\u00f3n t\u00e9rmica de fibra mineral<br \/>\nAlimentaci\u00f3n el\u00e9ctrica: 380 V &#8211; 50 Hz<br \/>\nConsumo m\u00e1ximo (300\u00baC): 6 Kw\/hora<\/p>\n","protected":false},"excerpt":{"rendered":"<p>Horno Pauna Convector Beta 107 ipa Los hornos convectores BETA 107 han sido desarrollados t\u00e9cnicamente para funcionar en locales de superficie reducida, respetando las caracter\u00edsticas para un correcto horneado. Cuentan con vapor interno y tiempo de cocci\u00f3n temporizado con comando manual, temperatura programable y alarma sonora de finalizaci\u00f3n de ciclo. Tienen bajo consumo, m\u00e1ximo rendimiento <a class=\"read-more\" href=\"http:\/\/franequip.com.ar\/wp2\/producto\/horno-pauna-convector-beta-107-ipa\/\">Read More<\/a><\/p>\n","protected":false},"featured_media":80,"comment_status":"open","ping_status":"closed","template":"","meta":{"_exactmetrics_skip_tracking":false,"_exactmetrics_sitenote_active":false,"_exactmetrics_sitenote_note":"","_exactmetrics_sitenote_category":0},"product_brand":[],"product_cat":[141,20],"product_tag":[26,21,27],"class_list":{"0":"post-81","1":"product","2":"type-product","3":"status-publish","4":"has-post-thumbnail","6":"product_cat-destacados","7":"product_cat-hornos","8":"product_tag-convector","9":"product_tag-horno","10":"product_tag-pauna","11":"dc_vendor_shop-vendedor2","13":"first","14":"instock","15":"shipping-taxable","16":"product-type-simple"},"_links":{"self":[{"href":"http:\/\/franequip.com.ar\/wp2\/wp-json\/wp\/v2\/product\/81","targetHints":{"allow":["GET"]}}],"collection":[{"href":"http:\/\/franequip.com.ar\/wp2\/wp-json\/wp\/v2\/product"}],"about":[{"href":"http:\/\/franequip.com.ar\/wp2\/wp-json\/wp\/v2\/types\/product"}],"replies":[{"embeddable":true,"href":"http:\/\/franequip.com.ar\/wp2\/wp-json\/wp\/v2\/comments?post=81"}],"wp:featuredmedia":[{"embeddable":true,"href":"http:\/\/franequip.com.ar\/wp2\/wp-json\/wp\/v2\/media\/80"}],"wp:attachment":[{"href":"http:\/\/franequip.com.ar\/wp2\/wp-json\/wp\/v2\/media?parent=81"}],"wp:term":[{"taxonomy":"product_brand","embeddable":true,"href":"http:\/\/franequip.com.ar\/wp2\/wp-json\/wp\/v2\/product_brand?post=81"},{"taxonomy":"product_cat","embeddable":true,"href":"http:\/\/franequip.com.ar\/wp2\/wp-json\/wp\/v2\/product_cat?post=81"},{"taxonomy":"product_tag","embeddable":true,"href":"http:\/\/franequip.com.ar\/wp2\/wp-json\/wp\/v2\/product_tag?post=81"}],"curies":[{"name":"wp","href":"https:\/\/api.w.org\/{rel}","templated":true}]}}