{"id":775,"date":"2015-07-25T16:51:39","date_gmt":"2015-07-25T16:51:39","guid":{"rendered":"http:\/\/franequip.com.ar\/wp2\/?post_type=product&#038;p=775"},"modified":"2019-06-15T00:53:13","modified_gmt":"2019-06-15T00:53:13","slug":"775","status":"publish","type":"product","link":"http:\/\/franequip.com.ar\/wp2\/producto\/775\/","title":{"rendered":"CONSERVADORAS &#8211; SILKEN C 8 tapa corrediza"},"content":{"rendered":"<p>CONSERVADORAS &#8211; SILKEN C 8 tapa corrediza<br \/>\nConservadora de helado MODELO C8 TC<\/p>\n<p>&#8211; Capacidad de baldes: 4+4..<\/p>\n<p>&#8211; Gabinete exterior constru\u00eddo en chapa blanca prepintada con film protector.<\/p>\n<p>&#8211; Gabinete interior galvanizado.<\/p>\n<p>&#8211; Condensaci\u00f3n forzada.<\/p>\n<p>&#8211; Tapa de chapa blanca prepintada corrediza.<\/p>\n<p>&#8211; Desagote.<\/p>\n<p>&#8211; Gas ecol\u00f3gico.<\/p>\n<p>&#8211; Temperatura de trabajo: -18 \/ -22*C.<\/p>\n<p>Capacidad: 8 Baldes<\/p>\n<p>Tensi\u00f3n: 220\/240 V \/ 50 Hz<\/p>\n<p>Motocompresor: 1\/5 HP<\/p>\n<p>Peso: 35 Kg<\/p>\n<p>Medidas: 580x1000x580mm<\/p>\n<p>Refrigerante: R 134 a<\/p>\n","protected":false},"excerpt":{"rendered":"<p>CONSERVADORAS &#8211; SILKEN C 8 tapa corrediza Conservadora de helado MODELO C8 TC &#8211; Capacidad de baldes: 4+4.. &#8211; Gabinete exterior constru\u00eddo en chapa blanca prepintada con film protector. &#8211; Gabinete interior galvanizado. &#8211; Condensaci\u00f3n forzada. &#8211; Tapa de chapa blanca prepintada corrediza. &#8211; Desagote. &#8211; Gas ecol\u00f3gico. &#8211; Temperatura de trabajo: -18 \/ -22*C. <a class=\"read-more\" href=\"http:\/\/franequip.com.ar\/wp2\/producto\/775\/\">Read More<\/a><\/p>\n","protected":false},"featured_media":776,"comment_status":"open","ping_status":"closed","template":"","meta":{"_exactmetrics_skip_tracking":false,"_exactmetrics_sitenote_active":false,"_exactmetrics_sitenote_note":"","_exactmetrics_sitenote_category":0},"product_brand":[],"product_cat":[46],"product_tag":[],"class_list":{"0":"post-775","1":"product","2":"type-product","3":"status-publish","4":"has-post-thumbnail","6":"product_cat-conservadoras","7":"dc_vendor_shop-vendedor2","9":"first","10":"instock","11":"shipping-taxable","12":"product-type-simple"},"_links":{"self":[{"href":"http:\/\/franequip.com.ar\/wp2\/wp-json\/wp\/v2\/product\/775","targetHints":{"allow":["GET"]}}],"collection":[{"href":"http:\/\/franequip.com.ar\/wp2\/wp-json\/wp\/v2\/product"}],"about":[{"href":"http:\/\/franequip.com.ar\/wp2\/wp-json\/wp\/v2\/types\/product"}],"replies":[{"embeddable":true,"href":"http:\/\/franequip.com.ar\/wp2\/wp-json\/wp\/v2\/comments?post=775"}],"wp:featuredmedia":[{"embeddable":true,"href":"http:\/\/franequip.com.ar\/wp2\/wp-json\/wp\/v2\/media\/776"}],"wp:attachment":[{"href":"http:\/\/franequip.com.ar\/wp2\/wp-json\/wp\/v2\/media?parent=775"}],"wp:term":[{"taxonomy":"product_brand","embeddable":true,"href":"http:\/\/franequip.com.ar\/wp2\/wp-json\/wp\/v2\/product_brand?post=775"},{"taxonomy":"product_cat","embeddable":true,"href":"http:\/\/franequip.com.ar\/wp2\/wp-json\/wp\/v2\/product_cat?post=775"},{"taxonomy":"product_tag","embeddable":true,"href":"http:\/\/franequip.com.ar\/wp2\/wp-json\/wp\/v2\/product_tag?post=775"}],"curies":[{"name":"wp","href":"https:\/\/api.w.org\/{rel}","templated":true}]}}