{"id":762,"date":"2015-07-25T16:10:33","date_gmt":"2015-07-25T16:10:33","guid":{"rendered":"http:\/\/franequip.com.ar\/wp2\/?post_type=product&#038;p=762"},"modified":"2019-06-15T00:53:12","modified_gmt":"2019-06-15T00:53:12","slug":"campana-piramide_-pba","status":"publish","type":"product","link":"http:\/\/franequip.com.ar\/wp2\/producto\/campana-piramide_-pba\/","title":{"rendered":"Campana Pir\u00e1mide_ PBA"},"content":{"rendered":"<p>Motor interno doble turbina 4\u201d.<br \/>\nSin motor 4 y 6\u201d opcional.<br \/>\nIluminaci\u00f3n: 1-2 x 40W.<br \/>\n3 velocidades con temporizador.<br \/>\nColor: acero inoxidable, esmaltado blanco epoxi.<br \/>\nCubre ca\u00f1o extensible.<br \/>\nFiltro met\u00e1lico lavable.<br \/>\nExtracci\u00f3n 720 m3\/h con salida libre.<br \/>\nen 1200 sin motor 6\u201c.<br \/>\nMedidas: 600-750-900-1200 mm.<br \/>\nGESTI\u00d3N Y CONTROL<\/p>\n<p>01 Comando Electr\u00f3nico con Temporizador<br \/>\nComando electr\u00f3nico con programaci\u00f3n de apagado autom\u00e1tico en tres tiempos diferentes de funcionamiento. Tres velocidades a elecci\u00f3n: baja, media y alta.<\/p>\n<p>02 Filtros de Aire<br \/>\nFiltros de aire con dise\u00f1o exclusivo \u00fanicos en el mercado. Son desarmables y facilitan la limpieza. Est\u00e1n construidos con materiales nobles de gran resistencia que aseguran una larga vida \u00fatil y una eficiente retenci\u00f3n de grasas.<\/p>\n<p>03 Tiraje<br \/>\nLa aspiraci\u00f3n de humos y grasas es tratada de forma tal que las \u00e1reas de tiraje tienen la mayor superficie posible seg\u00fan el dise\u00f1o que T.S.T. aplica en sus distintos modelos de campanas.<\/p>\n<p>T.S.T cuenta con stock permanente brindando as\u00ed una r\u00e1pida respuesta al requerimiento de cualquier modelo del cat\u00e1logo, en todo el pa\u00eds.<\/p>\n<p>CONSEJOS<\/p>\n<p>01 No utilizar la cocina como calefactor. Medidas m\u00ednimas para una correcta instalaci\u00f3n entre la campana y la llama de fuego:<br \/>\n-cocina el\u00e9ctrica, 60 cm.<br \/>\n-cocina a gas, 65 cm.<br \/>\n-cocina de alto poder cal\u00f3rico, desde 70 cm.<\/p>\n<p>02 Utilice conductos lisos para evitar turbulencias y acumulaci\u00f3n de grasas.<\/p>\n<p>03 Instalar, en caso de ser necesario, curvas suaves evitando codos pronunciados.<\/p>\n<p>04 El sombrete de final de conducto debe tener la suficiente abertura para permitir la descarga del aire.<\/p>\n<p>05 No utilice rejillas de ventilaci\u00f3n que obstruyan el tiraje.<\/p>\n<p>06 Mantenga constantes los di\u00e1metros de la tuber\u00eda.<\/p>\n<p>07 Limpie los filtros peri\u00f3dicamente.<\/p>\n<p>08 No utilice productos de limpieza abrasivos, o que contengan cloro.<\/p>\n<p>09 Advertencia: evitar contacto con materiales de obra (yeso, cal, polvo, piedras, etc&#8230;)<\/p>\n<p>10 Para mayor informaci\u00f3n lea el manual de instrucciones que acompa\u00f1a nuestro producto.<\/p>\n","protected":false},"excerpt":{"rendered":"<p>Motor interno doble turbina 4\u201d. Sin motor 4 y 6\u201d opcional. Iluminaci\u00f3n: 1-2 x 40W. 3 velocidades con temporizador. Color: acero inoxidable, esmaltado blanco epoxi. Cubre ca\u00f1o extensible. Filtro met\u00e1lico lavable. Extracci\u00f3n 720 m3\/h con salida libre. en 1200 sin motor 6\u201c. Medidas: 600-750-900-1200 mm. GESTI\u00d3N Y CONTROL 01 Comando Electr\u00f3nico con Temporizador Comando electr\u00f3nico <a class=\"read-more\" href=\"http:\/\/franequip.com.ar\/wp2\/producto\/campana-piramide_-pba\/\">Read More<\/a><\/p>\n","protected":false},"featured_media":763,"comment_status":"open","ping_status":"closed","template":"","meta":{"_exactmetrics_skip_tracking":false,"_exactmetrics_sitenote_active":false,"_exactmetrics_sitenote_note":"","_exactmetrics_sitenote_category":0},"product_brand":[],"product_cat":[78],"product_tag":[],"class_list":{"0":"post-762","1":"product","2":"type-product","3":"status-publish","4":"has-post-thumbnail","6":"product_cat-campana","7":"dc_vendor_shop-vendedor2","9":"first","10":"instock","11":"shipping-taxable","12":"product-type-simple"},"_links":{"self":[{"href":"http:\/\/franequip.com.ar\/wp2\/wp-json\/wp\/v2\/product\/762","targetHints":{"allow":["GET"]}}],"collection":[{"href":"http:\/\/franequip.com.ar\/wp2\/wp-json\/wp\/v2\/product"}],"about":[{"href":"http:\/\/franequip.com.ar\/wp2\/wp-json\/wp\/v2\/types\/product"}],"replies":[{"embeddable":true,"href":"http:\/\/franequip.com.ar\/wp2\/wp-json\/wp\/v2\/comments?post=762"}],"wp:featuredmedia":[{"embeddable":true,"href":"http:\/\/franequip.com.ar\/wp2\/wp-json\/wp\/v2\/media\/763"}],"wp:attachment":[{"href":"http:\/\/franequip.com.ar\/wp2\/wp-json\/wp\/v2\/media?parent=762"}],"wp:term":[{"taxonomy":"product_brand","embeddable":true,"href":"http:\/\/franequip.com.ar\/wp2\/wp-json\/wp\/v2\/product_brand?post=762"},{"taxonomy":"product_cat","embeddable":true,"href":"http:\/\/franequip.com.ar\/wp2\/wp-json\/wp\/v2\/product_cat?post=762"},{"taxonomy":"product_tag","embeddable":true,"href":"http:\/\/franequip.com.ar\/wp2\/wp-json\/wp\/v2\/product_tag?post=762"}],"curies":[{"name":"wp","href":"https:\/\/api.w.org\/{rel}","templated":true}]}}