{"id":727,"date":"2015-07-25T15:14:12","date_gmt":"2015-07-25T15:14:12","guid":{"rendered":"http:\/\/franequip.com.ar\/wp2\/?post_type=product&#038;p=727"},"modified":"2019-06-15T00:53:04","modified_gmt":"2019-06-15T00:53:04","slug":"impresor-mara","status":"publish","type":"product","link":"http:\/\/franequip.com.ar\/wp2\/producto\/impresor-mara\/","title":{"rendered":"Impresor Mara"},"content":{"rendered":"<p>MARA<br \/>\nEspecificaciones T\u00e9cnicas:<\/p>\n<p>Impresor t\u00e9rmico alfanum\u00e9rico<br \/>\nImprime etiquetas autoadhesivas de 56 mm x 45 mm, o tickets sobre papel continuo<br \/>\nTecla de avance de papel<br \/>\nIndicadores de encendido y de error<br \/>\nCon balanzas Cenit permite imprimir tickets<br \/>\nCon balanzas Novel permite imprimir etiquetas o tickets<br \/>\nCon las balanzas Novel Data y Novel Data Com imprime etiquetas o tickets con datos alfanum\u00e9ricos y c\u00f3digos de barra<\/p>\n","protected":false},"excerpt":{"rendered":"<p>MARA Especificaciones T\u00e9cnicas: Impresor t\u00e9rmico alfanum\u00e9rico Imprime etiquetas autoadhesivas de 56 mm x 45 mm, o tickets sobre papel continuo Tecla de avance de papel Indicadores de encendido y de error Con balanzas Cenit permite imprimir tickets Con balanzas Novel permite imprimir etiquetas o tickets Con las balanzas Novel Data y Novel Data Com imprime <a class=\"read-more\" href=\"http:\/\/franequip.com.ar\/wp2\/producto\/impresor-mara\/\">Read More<\/a><\/p>\n","protected":false},"featured_media":728,"comment_status":"open","ping_status":"closed","template":"","meta":{"_exactmetrics_skip_tracking":false,"_exactmetrics_sitenote_active":false,"_exactmetrics_sitenote_note":"","_exactmetrics_sitenote_category":0},"product_brand":[],"product_cat":[142],"product_tag":[],"class_list":{"0":"post-727","1":"product","2":"type-product","3":"status-publish","4":"has-post-thumbnail","6":"product_cat-impresor-controlador","7":"dc_vendor_shop-vendedor2","9":"first","10":"instock","11":"shipping-taxable","12":"product-type-simple"},"_links":{"self":[{"href":"http:\/\/franequip.com.ar\/wp2\/wp-json\/wp\/v2\/product\/727","targetHints":{"allow":["GET"]}}],"collection":[{"href":"http:\/\/franequip.com.ar\/wp2\/wp-json\/wp\/v2\/product"}],"about":[{"href":"http:\/\/franequip.com.ar\/wp2\/wp-json\/wp\/v2\/types\/product"}],"replies":[{"embeddable":true,"href":"http:\/\/franequip.com.ar\/wp2\/wp-json\/wp\/v2\/comments?post=727"}],"wp:featuredmedia":[{"embeddable":true,"href":"http:\/\/franequip.com.ar\/wp2\/wp-json\/wp\/v2\/media\/728"}],"wp:attachment":[{"href":"http:\/\/franequip.com.ar\/wp2\/wp-json\/wp\/v2\/media?parent=727"}],"wp:term":[{"taxonomy":"product_brand","embeddable":true,"href":"http:\/\/franequip.com.ar\/wp2\/wp-json\/wp\/v2\/product_brand?post=727"},{"taxonomy":"product_cat","embeddable":true,"href":"http:\/\/franequip.com.ar\/wp2\/wp-json\/wp\/v2\/product_cat?post=727"},{"taxonomy":"product_tag","embeddable":true,"href":"http:\/\/franequip.com.ar\/wp2\/wp-json\/wp\/v2\/product_tag?post=727"}],"curies":[{"name":"wp","href":"https:\/\/api.w.org\/{rel}","templated":true}]}}