{"id":723,"date":"2015-07-25T15:10:32","date_gmt":"2015-07-25T15:10:32","guid":{"rendered":"http:\/\/franequip.com.ar\/wp2\/?post_type=product&#038;p=723"},"modified":"2019-07-12T18:00:53","modified_gmt":"2019-07-12T18:00:53","slug":"balanza-kretz-novel","status":"publish","type":"product","link":"http:\/\/franequip.com.ar\/wp2\/producto\/balanza-kretz-novel\/","title":{"rendered":"Balanza Novel Eco Kretz"},"content":{"rendered":"","protected":false},"excerpt":{"rendered":"<header>\n<h1 class=\"tit\">BALANZA NOVEL ECO 2<\/h1>\n<\/header>\n<p class=\"desc\">La balanza de uso comercial m\u00e1s popular del mercado, ahora alfanum\u00e9rica. \u00danica con 100 horas de autonom\u00eda ante cortes de energ\u00eda.<\/p>\n<div class=\"plugins\">\n<div class=\"clearfix\"><\/div>\n<\/div>\n<div class=\"contenido\">\n<p>CAPACIDAD:<\/p>\n<ul>\n<li>Multirango: (0 a 15kg x 5g) y (15 a 30kg x 10g)<\/li>\n<\/ul>\n<p>CARACTER\u00cdSTICAS:<\/p>\n<ul>\n<li>Teclado alfanum\u00e9rico: permite dar nombre a los PLU en su configuraci\u00f3n<\/li>\n<li>Funciones: Contadora, Verificadora, Pre-empaque<\/li>\n<li>Calculo de vuelto<\/li>\n<li>Dos visores LCD retro-iluminados, ideales para uso al intemperie<\/li>\n<li>450 PLU para productos \u2013 precios<\/li>\n<li>Compatible con impresor de etiquetas Kretz PIC<\/li>\n<\/ul>\n<p>CARACTERISTICAS GENERALES<br \/>\n\u2022 A lf a n u m \u00e9r ic a<br \/>\n\u2022 R e p o r t e s d e v e n t a s<br \/>\n\u2022 Co m u n ic a c i\u00f3n s e r ia l<br \/>\n\u2022 4 5 0 P L U<br \/>\n\u2022 F u n c i\u00f3n P r e -e m p a q u e<br \/>\n\u2022 F u n c i\u00f3n c o n t a d o r a<br \/>\n\u2022 F u n c i\u00f3n a la r m a p o r p e s o<br \/>\n\u2022 S u m a d e a r t \u00edc u lo s p e s a b le s y n o p e s a b le s<br \/>\n\u2022 A u t o n o m \u00eda d e b a t e r \u00eda : 1 0 0 h s ( s e g \u00fan u s o )<br \/>\n\u2022 Co n e x i\u00f3n a im p r e s o r e s K r e t z<br \/>\n\u2022 G e s t i\u00f3n p o r s o f t w a r e iTe g r a<br \/>\nCARACTERISTICAS TECNICAS<br \/>\n\u2022 M o d e lo A U N E B 3 0 P<br \/>\n\u2022 G a b in e t e A B S d e a lt a r e s is t e n c ia<br \/>\n\u2022 D im e n s io n e s : 4 0 7 m m x 3 6 3 m m x 4 0 0 m m<br \/>\n\u2022 P e s o : 4 .4 k g<br \/>\n\u2022 Ca p a c id a d : 0 k g a 1 5 k g x 5 g y d e 1 5 k g a 3 0 k g x 1 0 g<br \/>\n\u2022 Ta r a : &#8211; 9 .9 k g<br \/>\n\u2022 F u e n t e d e a lim e n t a c i\u00f3n : E x t e r n a<br \/>\nE n t r a d a : 1 1 0 -2 4 0 V c a<br \/>\nS a lid a : 1 5 V c c 7 0 0 m A<br \/>\n\u2022 B a t e r \u00eda : 6 V c c \/4 A h<br \/>\n\u2022 D is p la y : L CD r e t r o ilu m in a d o<br \/>\n\u2022 Te c la d o : 2 1 t e c la s a p r u e b a d e l\u00edq u id o<br \/>\n\u2022 B a n d e ja d e a c e r o in o x id a b le d e 3 6 0 m m x 2 4 0 m m<br \/>\n\u2022 Co n e x i\u00f3n : R S 2 3 2<br \/>\n\u2022 T\u00b0 d e o p e r a c i\u00f3n : 5 \u00b0C a 4 0 \u00b0C<br \/>\n\u2022 P o t e n c ia : 1 0 W<\/p>\n<\/div>\n","protected":false},"featured_media":1582,"comment_status":"open","ping_status":"closed","template":"","meta":{"_exactmetrics_skip_tracking":false,"_exactmetrics_sitenote_active":false,"_exactmetrics_sitenote_note":"","_exactmetrics_sitenote_category":0},"product_brand":[],"product_cat":[6],"product_tag":[],"class_list":{"0":"post-723","1":"product","2":"type-product","3":"status-publish","4":"has-post-thumbnail","6":"product_cat-balanzas","7":"dc_vendor_shop-vendedor2","9":"first","10":"instock","11":"shipping-taxable","12":"product-type-simple"},"_links":{"self":[{"href":"http:\/\/franequip.com.ar\/wp2\/wp-json\/wp\/v2\/product\/723","targetHints":{"allow":["GET"]}}],"collection":[{"href":"http:\/\/franequip.com.ar\/wp2\/wp-json\/wp\/v2\/product"}],"about":[{"href":"http:\/\/franequip.com.ar\/wp2\/wp-json\/wp\/v2\/types\/product"}],"replies":[{"embeddable":true,"href":"http:\/\/franequip.com.ar\/wp2\/wp-json\/wp\/v2\/comments?post=723"}],"wp:featuredmedia":[{"embeddable":true,"href":"http:\/\/franequip.com.ar\/wp2\/wp-json\/wp\/v2\/media\/1582"}],"wp:attachment":[{"href":"http:\/\/franequip.com.ar\/wp2\/wp-json\/wp\/v2\/media?parent=723"}],"wp:term":[{"taxonomy":"product_brand","embeddable":true,"href":"http:\/\/franequip.com.ar\/wp2\/wp-json\/wp\/v2\/product_brand?post=723"},{"taxonomy":"product_cat","embeddable":true,"href":"http:\/\/franequip.com.ar\/wp2\/wp-json\/wp\/v2\/product_cat?post=723"},{"taxonomy":"product_tag","embeddable":true,"href":"http:\/\/franequip.com.ar\/wp2\/wp-json\/wp\/v2\/product_tag?post=723"}],"curies":[{"name":"wp","href":"https:\/\/api.w.org\/{rel}","templated":true}]}}