{"id":715,"date":"2015-07-25T15:03:24","date_gmt":"2015-07-25T15:03:24","guid":{"rendered":"http:\/\/franequip.com.ar\/wp2\/?post_type=product&#038;p=715"},"modified":"2019-06-15T00:52:59","modified_gmt":"2019-06-15T00:52:59","slug":"impresor-koala","status":"publish","type":"product","link":"http:\/\/franequip.com.ar\/wp2\/producto\/impresor-koala\/","title":{"rendered":"Impresor KOALA"},"content":{"rendered":"<p>El impresor Koala es una excelente herramienta pensada para cubrir las necesidades de comercios que deseen imprimir tickets en forma r\u00e1pida y econ\u00f3mica.<\/p>\n<p>Su dise\u00f1o innovador provee a los usuarios de incomparables ventajas entre los impresores de su clase.<\/p>\n<p>Especificaciones T\u00e9cnicas:<\/p>\n<p>Opera con las balanzas electr\u00f3nicas KRETZ:<br \/>\n      &#8211; Novel 31<br \/>\n      &#8211; Novel Data<br \/>\n      &#8211; Novel Data Com<br \/>\n      &#8211; Cenit<br \/>\n      &#8211; Pivot<br \/>\n      &#8211; indicador digital de peso 5640 \/ 5660<br \/>\nSu instalaci\u00f3n y operaci\u00f3n son sencillas y r\u00e1pidas de realizar.<br \/>\nTecla de encendido y avance.<br \/>\nUtiliza rollos de papel standard o qu\u00edmico de 57 mm de ancho.<br \/>\nUtiliza cassettes de cinta est\u00e1ndar.<br \/>\nBajo costo de insumos.<\/p>\n","protected":false},"excerpt":{"rendered":"<p>El impresor Koala es una excelente herramienta pensada para cubrir las necesidades de comercios que deseen imprimir tickets en forma r\u00e1pida y econ\u00f3mica. Su dise\u00f1o innovador provee a los usuarios de incomparables ventajas entre los impresores de su clase. Especificaciones T\u00e9cnicas: Opera con las balanzas electr\u00f3nicas KRETZ: &#8211; Novel 31 &#8211; Novel Data &#8211; Novel <a class=\"read-more\" href=\"http:\/\/franequip.com.ar\/wp2\/producto\/impresor-koala\/\">Read More<\/a><\/p>\n","protected":false},"featured_media":716,"comment_status":"open","ping_status":"closed","template":"","meta":{"_exactmetrics_skip_tracking":false,"_exactmetrics_sitenote_active":false,"_exactmetrics_sitenote_note":"","_exactmetrics_sitenote_category":0},"product_brand":[],"product_cat":[142],"product_tag":[],"class_list":{"0":"post-715","1":"product","2":"type-product","3":"status-publish","4":"has-post-thumbnail","6":"product_cat-impresor-controlador","7":"dc_vendor_shop-vendedor2","9":"first","10":"instock","11":"shipping-taxable","12":"product-type-simple"},"_links":{"self":[{"href":"http:\/\/franequip.com.ar\/wp2\/wp-json\/wp\/v2\/product\/715","targetHints":{"allow":["GET"]}}],"collection":[{"href":"http:\/\/franequip.com.ar\/wp2\/wp-json\/wp\/v2\/product"}],"about":[{"href":"http:\/\/franequip.com.ar\/wp2\/wp-json\/wp\/v2\/types\/product"}],"replies":[{"embeddable":true,"href":"http:\/\/franequip.com.ar\/wp2\/wp-json\/wp\/v2\/comments?post=715"}],"wp:featuredmedia":[{"embeddable":true,"href":"http:\/\/franequip.com.ar\/wp2\/wp-json\/wp\/v2\/media\/716"}],"wp:attachment":[{"href":"http:\/\/franequip.com.ar\/wp2\/wp-json\/wp\/v2\/media?parent=715"}],"wp:term":[{"taxonomy":"product_brand","embeddable":true,"href":"http:\/\/franequip.com.ar\/wp2\/wp-json\/wp\/v2\/product_brand?post=715"},{"taxonomy":"product_cat","embeddable":true,"href":"http:\/\/franequip.com.ar\/wp2\/wp-json\/wp\/v2\/product_cat?post=715"},{"taxonomy":"product_tag","embeddable":true,"href":"http:\/\/franequip.com.ar\/wp2\/wp-json\/wp\/v2\/product_tag?post=715"}],"curies":[{"name":"wp","href":"https:\/\/api.w.org\/{rel}","templated":true}]}}