{"id":682,"date":"2015-07-25T14:35:15","date_gmt":"2015-07-25T14:35:15","guid":{"rendered":"http:\/\/franequip.com.ar\/wp2\/?post_type=product&#038;p=682"},"modified":"2019-07-04T20:34:05","modified_gmt":"2019-07-04T20:34:05","slug":"balanza-bumer-solo-peso-systel","status":"publish","type":"product","link":"http:\/\/franequip.com.ar\/wp2\/producto\/balanza-bumer-solo-peso-systel\/","title":{"rendered":"Balanza BUMER (solo peso) Systel"},"content":{"rendered":"","protected":false},"excerpt":{"rendered":"<ul class=\"list_check\">\n<li>Dise\u00f1o est\u00e9tico y funcional.<\/li>\n<li>Visor panor\u00e1mico.<\/li>\n<li>Modelo homologado por Secretar\u00eda de Comercio Interior dependiente del Ministerio de Econom\u00eda y Finanzas P\u00fablicas.<\/li>\n<li>Fuente de alimentaci\u00f3n externa con certificaci\u00f3n de Seguridad El\u00e9ctrica.<\/li>\n<\/ul>\n<div class=\"wpb_column vc_column_container vc_col-sm-4\">\n<div class=\"vc_column-inner \">\n<div class=\"wpb_wrapper\">\n<div class=\"wpb_text_column wpb_content_element \">\n<div class=\"wpb_wrapper\">\n<ul class=\"list_check\">\n<li>Dimensiones generales: 380 x 387 x 130 mm.<\/li>\n<li>Bandeja de acero inoxidable con o sin aletas, 217 x 367 mm.<\/li>\n<\/ul>\n<\/div>\n<\/div>\n<\/div>\n<\/div>\n<\/div>\n<div class=\"wpb_column vc_column_container vc_col-sm-4\">\n<div class=\"vc_column-inner \">\n<div class=\"wpb_wrapper\">\n<div class=\"wpb_text_column wpb_content_element \">\n<div class=\"wpb_wrapper\">\n<ul class=\"list_check\">\n<li>Comunicaci\u00f3n para conexi\u00f3n a PC.<\/li>\n<li>Teclado protegido con membrana impermeable<\/li>\n<\/ul>\n<\/div>\n<\/div>\n<\/div>\n<\/div>\n<\/div>\n<div class=\"wpb_column vc_column_container vc_col-sm-4\">\n<div class=\"vc_column-inner \">\n<div class=\"wpb_wrapper\">\n<div class=\"wpb_text_column wpb_content_element \">\n<div class=\"wpb_wrapper\">\n<ul class=\"list_check\">\n<li>Celda de carga con protecci\u00f3n al impacto o sobrepeso.<\/li>\n<li>Modelos SP, informa Solo Peso.<\/li>\n<\/ul>\n<p><strong>DIMENSIONES: Ancho \/ Profundidad \/ Altura<\/strong><\/p>\n<p>Dimensiones equipo: \u00a0387 x \u00a0380 x \u00a0130 mm<\/p>\n<p>Dimensiones bandeja: 217 x 367 mm<\/p>\n<p>Dimensiones embalaje: \u00a0450 x 450 x \u00a0205 mm<\/p>\n<p><strong>PESO<\/strong><\/p>\n<p>Peso neto: 3,2 kg (sin bater\u00eda) \/ 4 kg (con bater\u00eda)<\/p>\n<\/div>\n<p>CAPACIDAD : 15 KG Y 30 KG<\/p>\n<\/div>\n<\/div>\n<\/div>\n<\/div>\n","protected":false},"featured_media":683,"comment_status":"open","ping_status":"closed","template":"","meta":{"_exactmetrics_skip_tracking":false,"_exactmetrics_sitenote_active":false,"_exactmetrics_sitenote_note":"","_exactmetrics_sitenote_category":0},"product_brand":[],"product_cat":[141,6],"product_tag":[],"class_list":{"0":"post-682","1":"product","2":"type-product","3":"status-publish","4":"has-post-thumbnail","6":"product_cat-destacados","7":"product_cat-balanzas","8":"dc_vendor_shop-vendedor2","10":"first","11":"instock","12":"shipping-taxable","13":"product-type-simple"},"_links":{"self":[{"href":"http:\/\/franequip.com.ar\/wp2\/wp-json\/wp\/v2\/product\/682","targetHints":{"allow":["GET"]}}],"collection":[{"href":"http:\/\/franequip.com.ar\/wp2\/wp-json\/wp\/v2\/product"}],"about":[{"href":"http:\/\/franequip.com.ar\/wp2\/wp-json\/wp\/v2\/types\/product"}],"replies":[{"embeddable":true,"href":"http:\/\/franequip.com.ar\/wp2\/wp-json\/wp\/v2\/comments?post=682"}],"wp:featuredmedia":[{"embeddable":true,"href":"http:\/\/franequip.com.ar\/wp2\/wp-json\/wp\/v2\/media\/683"}],"wp:attachment":[{"href":"http:\/\/franequip.com.ar\/wp2\/wp-json\/wp\/v2\/media?parent=682"}],"wp:term":[{"taxonomy":"product_brand","embeddable":true,"href":"http:\/\/franequip.com.ar\/wp2\/wp-json\/wp\/v2\/product_brand?post=682"},{"taxonomy":"product_cat","embeddable":true,"href":"http:\/\/franequip.com.ar\/wp2\/wp-json\/wp\/v2\/product_cat?post=682"},{"taxonomy":"product_tag","embeddable":true,"href":"http:\/\/franequip.com.ar\/wp2\/wp-json\/wp\/v2\/product_tag?post=682"}],"curies":[{"name":"wp","href":"https:\/\/api.w.org\/{rel}","templated":true}]}}