{"id":66,"date":"2015-07-15T18:29:39","date_gmt":"2015-07-15T18:29:39","guid":{"rendered":"http:\/\/franequip.com.ar\/wp2\/?post_type=product&#038;p=66"},"modified":"2019-06-15T00:51:12","modified_gmt":"2019-06-15T00:51:12","slug":"cocina-tecno-calor-1400-industrial-pesada","status":"publish","type":"product","link":"http:\/\/franequip.com.ar\/wp2\/producto\/cocina-tecno-calor-1400-industrial-pesada\/","title":{"rendered":"Cocina Tecno Calor 1400 Industrial Pesada"},"content":{"rendered":"<p>Cocina Tecno Calor  1400 Industrial Pesada<\/p>\n<p>Cocina 1400<br \/>\nCaracter\u00edsticas<br \/>\n4 Hornallas 1Plancha 1 Maxi Horno<br \/>\nEstructura: de hierro \u00e1ngulo soldado<br \/>\nExterior: Gabinete, Marco Superior y Bandeja Antiderr. en acero Inox. 304 mate<br \/>\nInterior: En cer\u00e1mico termorefractarios<br \/>\nMedidas Maxi Horno: 1.120 x 0.720 x 0.300<br \/>\nRejillas y quemadores y plancha fundici\u00f3n gris.<\/p>\n<p>Medidas\t <\/p>\n<p>Frente: 1.400<br \/>\nProfundidad: 0.750<br \/>\nAltura: 0.820<\/p>\n","protected":false},"excerpt":{"rendered":"<p>Cocina Tecno Calor 1400 Industrial Pesada Cocina 1400 Caracter\u00edsticas 4 Hornallas 1Plancha 1 Maxi Horno Estructura: de hierro \u00e1ngulo soldado Exterior: Gabinete, Marco Superior y Bandeja Antiderr. en acero Inox. 304 mate Interior: En cer\u00e1mico termorefractarios Medidas Maxi Horno: 1.120 x 0.720 x 0.300 Rejillas y quemadores y plancha fundici\u00f3n gris. Medidas Frente: 1.400 Profundidad: <a class=\"read-more\" href=\"http:\/\/franequip.com.ar\/wp2\/producto\/cocina-tecno-calor-1400-industrial-pesada\/\">Read More<\/a><\/p>\n","protected":false},"featured_media":67,"comment_status":"open","ping_status":"closed","template":"","meta":{"_exactmetrics_skip_tracking":false,"_exactmetrics_sitenote_active":false,"_exactmetrics_sitenote_note":"","_exactmetrics_sitenote_category":0},"product_brand":[],"product_cat":[12],"product_tag":[13,18,14],"class_list":{"0":"post-66","1":"product","2":"type-product","3":"status-publish","4":"has-post-thumbnail","6":"product_cat-cocinas","7":"product_tag-cocina","8":"product_tag-industrial","9":"product_tag-tecnocalor","10":"dc_vendor_shop-vendedor2","12":"first","13":"instock","14":"shipping-taxable","15":"product-type-simple"},"_links":{"self":[{"href":"http:\/\/franequip.com.ar\/wp2\/wp-json\/wp\/v2\/product\/66","targetHints":{"allow":["GET"]}}],"collection":[{"href":"http:\/\/franequip.com.ar\/wp2\/wp-json\/wp\/v2\/product"}],"about":[{"href":"http:\/\/franequip.com.ar\/wp2\/wp-json\/wp\/v2\/types\/product"}],"replies":[{"embeddable":true,"href":"http:\/\/franequip.com.ar\/wp2\/wp-json\/wp\/v2\/comments?post=66"}],"wp:featuredmedia":[{"embeddable":true,"href":"http:\/\/franequip.com.ar\/wp2\/wp-json\/wp\/v2\/media\/67"}],"wp:attachment":[{"href":"http:\/\/franequip.com.ar\/wp2\/wp-json\/wp\/v2\/media?parent=66"}],"wp:term":[{"taxonomy":"product_brand","embeddable":true,"href":"http:\/\/franequip.com.ar\/wp2\/wp-json\/wp\/v2\/product_brand?post=66"},{"taxonomy":"product_cat","embeddable":true,"href":"http:\/\/franequip.com.ar\/wp2\/wp-json\/wp\/v2\/product_cat?post=66"},{"taxonomy":"product_tag","embeddable":true,"href":"http:\/\/franequip.com.ar\/wp2\/wp-json\/wp\/v2\/product_tag?post=66"}],"curies":[{"name":"wp","href":"https:\/\/api.w.org\/{rel}","templated":true}]}}