{"id":641,"date":"2015-07-23T20:37:30","date_gmt":"2015-07-23T20:37:30","guid":{"rendered":"http:\/\/franequip.com.ar\/wp2\/?post_type=product&#038;p=641"},"modified":"2019-06-15T00:52:51","modified_gmt":"2019-06-15T00:52:51","slug":"parrilla-a-gas-mod-700","status":"publish","type":"product","link":"http:\/\/franequip.com.ar\/wp2\/producto\/parrilla-a-gas-mod-700\/","title":{"rendered":"PARRILLA A GAS MOD 700"},"content":{"rendered":"<p>\u00bb CARACTER\u00cdSTICAS:<\/p>\n<p>\u00bb Realizada en acero inoxidable de primera calidad<\/p>\n<p>\u00bb Bandejas antiderrame de acero inoxidable, desmontables para facilitar su limpieza<\/p>\n<p>\u00bb Rejas de hierro en fundici\u00f3n gris<\/p>\n<p>\u00bb Frente embutido para proteger de golpes las perillas<\/p>\n<p>\u00bb Base construida en ca\u00f1o estructural revestido en pintura epoxi o en acero inoxidable con estante inferior opcional<\/p>\n<p>\u00bb La configuraci\u00f3n del plano de cocci\u00f3n queda determinada por la combinaci\u00f3n de mecheros, planchas, parrillas y ba\u00f1o Mar\u00eda, de acuerdo al requerimiento de cada cliente.<\/p>\n<p>\u00bb Dimensi\u00f3n: 700X795X900mm<\/p>\n","protected":false},"excerpt":{"rendered":"<p>\u00bb CARACTER\u00cdSTICAS: \u00bb Realizada en acero inoxidable de primera calidad \u00bb Bandejas antiderrame de acero inoxidable, desmontables para facilitar su limpieza \u00bb Rejas de hierro en fundici\u00f3n gris \u00bb Frente embutido para proteger de golpes las perillas \u00bb Base construida en ca\u00f1o estructural revestido en pintura epoxi o en acero inoxidable con estante inferior opcional <a class=\"read-more\" href=\"http:\/\/franequip.com.ar\/wp2\/producto\/parrilla-a-gas-mod-700\/\">Read More<\/a><\/p>\n","protected":false},"featured_media":642,"comment_status":"open","ping_status":"closed","template":"","meta":{"_exactmetrics_skip_tracking":false,"_exactmetrics_sitenote_active":false,"_exactmetrics_sitenote_note":"","_exactmetrics_sitenote_category":0},"product_brand":[],"product_cat":[37],"product_tag":[],"class_list":{"0":"post-641","1":"product","2":"type-product","3":"status-publish","4":"has-post-thumbnail","6":"product_cat-parrillas","7":"dc_vendor_shop-vendedor2","9":"first","10":"instock","11":"shipping-taxable","12":"product-type-simple"},"_links":{"self":[{"href":"http:\/\/franequip.com.ar\/wp2\/wp-json\/wp\/v2\/product\/641","targetHints":{"allow":["GET"]}}],"collection":[{"href":"http:\/\/franequip.com.ar\/wp2\/wp-json\/wp\/v2\/product"}],"about":[{"href":"http:\/\/franequip.com.ar\/wp2\/wp-json\/wp\/v2\/types\/product"}],"replies":[{"embeddable":true,"href":"http:\/\/franequip.com.ar\/wp2\/wp-json\/wp\/v2\/comments?post=641"}],"wp:featuredmedia":[{"embeddable":true,"href":"http:\/\/franequip.com.ar\/wp2\/wp-json\/wp\/v2\/media\/642"}],"wp:attachment":[{"href":"http:\/\/franequip.com.ar\/wp2\/wp-json\/wp\/v2\/media?parent=641"}],"wp:term":[{"taxonomy":"product_brand","embeddable":true,"href":"http:\/\/franequip.com.ar\/wp2\/wp-json\/wp\/v2\/product_brand?post=641"},{"taxonomy":"product_cat","embeddable":true,"href":"http:\/\/franequip.com.ar\/wp2\/wp-json\/wp\/v2\/product_cat?post=641"},{"taxonomy":"product_tag","embeddable":true,"href":"http:\/\/franequip.com.ar\/wp2\/wp-json\/wp\/v2\/product_tag?post=641"}],"curies":[{"name":"wp","href":"https:\/\/api.w.org\/{rel}","templated":true}]}}