{"id":613,"date":"2015-07-23T17:37:01","date_gmt":"2015-07-23T17:37:01","guid":{"rendered":"http:\/\/franequip.com.ar\/wp2\/?post_type=product&#038;p=613"},"modified":"2019-06-15T00:52:46","modified_gmt":"2019-06-15T00:52:46","slug":"lunchonette-con-deslizador","status":"publish","type":"product","link":"http:\/\/franequip.com.ar\/wp2\/producto\/lunchonette-con-deslizador\/","title":{"rendered":"LUNCHONETTE CON DESLIZADOR"},"content":{"rendered":"<p>LUNCHONETTE CON DESLIZADOR<br \/>\n\u00bb CARACTER\u00cdSTICAS:<\/p>\n<p>\u00bb Mural o central, capacidad de 3,4 y 5 bandejas GN 1:1<\/p>\n<p>\u00bb Mesada y batea construidas en acero inox. de primera calidad<\/p>\n<p>\u00bb Dise\u00f1ado para faciltar su higiene<\/p>\n<p>\u00bb Control de temperatura autom\u00e1tico en sus dos versiones de alimentaci\u00f3n (Gas o El\u00e9ctrico)<\/p>\n<p>\u00bb Control de llenado a trav\u00e9s de su Sistema de Nivel de Agua<\/p>\n<p>\u00bb Llenado y descarga de la bacha en forma directa<\/p>\n<p>\u00bb Gabinete inferior construido en acero inoxidable de primera calidad o en base de ca\u00f1o pintado revestido en MDF<\/p>\n<p>\u00bb Opcionales:<br \/>\n&#8211; Deslizadores de bandejas construidos en ca\u00f1o redondo de acero inox. Apoyado sobre m\u00e9nsulas del mismo material<br \/>\n&#8211; Equipo de iluminaci\u00f3n<br \/>\n&#8211; C\u00fapula de vidrio\/opciones: servicio asistido\/autoservicio\/doble curva central<\/p>\n","protected":false},"excerpt":{"rendered":"<p>LUNCHONETTE CON DESLIZADOR \u00bb CARACTER\u00cdSTICAS: \u00bb Mural o central, capacidad de 3,4 y 5 bandejas GN 1:1 \u00bb Mesada y batea construidas en acero inox. de primera calidad \u00bb Dise\u00f1ado para faciltar su higiene \u00bb Control de temperatura autom\u00e1tico en sus dos versiones de alimentaci\u00f3n (Gas o El\u00e9ctrico) \u00bb Control de llenado a trav\u00e9s de <a class=\"read-more\" href=\"http:\/\/franequip.com.ar\/wp2\/producto\/lunchonette-con-deslizador\/\">Read More<\/a><\/p>\n","protected":false},"featured_media":614,"comment_status":"open","ping_status":"closed","template":"","meta":{"_exactmetrics_skip_tracking":false,"_exactmetrics_sitenote_active":false,"_exactmetrics_sitenote_note":"","_exactmetrics_sitenote_category":0},"product_brand":[],"product_cat":[139],"product_tag":[],"class_list":{"0":"post-613","1":"product","2":"type-product","3":"status-publish","4":"has-post-thumbnail","6":"product_cat-linea-servicios","7":"dc_vendor_shop-vendedor2","9":"first","10":"instock","11":"shipping-taxable","12":"product-type-simple"},"_links":{"self":[{"href":"http:\/\/franequip.com.ar\/wp2\/wp-json\/wp\/v2\/product\/613","targetHints":{"allow":["GET"]}}],"collection":[{"href":"http:\/\/franequip.com.ar\/wp2\/wp-json\/wp\/v2\/product"}],"about":[{"href":"http:\/\/franequip.com.ar\/wp2\/wp-json\/wp\/v2\/types\/product"}],"replies":[{"embeddable":true,"href":"http:\/\/franequip.com.ar\/wp2\/wp-json\/wp\/v2\/comments?post=613"}],"wp:featuredmedia":[{"embeddable":true,"href":"http:\/\/franequip.com.ar\/wp2\/wp-json\/wp\/v2\/media\/614"}],"wp:attachment":[{"href":"http:\/\/franequip.com.ar\/wp2\/wp-json\/wp\/v2\/media?parent=613"}],"wp:term":[{"taxonomy":"product_brand","embeddable":true,"href":"http:\/\/franequip.com.ar\/wp2\/wp-json\/wp\/v2\/product_brand?post=613"},{"taxonomy":"product_cat","embeddable":true,"href":"http:\/\/franequip.com.ar\/wp2\/wp-json\/wp\/v2\/product_cat?post=613"},{"taxonomy":"product_tag","embeddable":true,"href":"http:\/\/franequip.com.ar\/wp2\/wp-json\/wp\/v2\/product_tag?post=613"}],"curies":[{"name":"wp","href":"https:\/\/api.w.org\/{rel}","templated":true}]}}