{"id":600,"date":"2015-07-20T23:51:35","date_gmt":"2015-07-20T23:51:35","guid":{"rendered":"http:\/\/franequip.com.ar\/wp2\/?post_type=product&#038;p=600"},"modified":"2019-06-15T00:52:45","modified_gmt":"2019-06-15T00:52:45","slug":"termoselladora-linea-super-mod-550","status":"publish","type":"product","link":"http:\/\/franequip.com.ar\/wp2\/producto\/termoselladora-linea-super-mod-550\/","title":{"rendered":"TERMOSELLADORA LINEA SUPER MOD 550"},"content":{"rendered":"<p>TERMOSELLADORA LINEA SUPER MOD 550<br \/>\nL\u00ednea Supermercado<br \/>\nMod. 550<br \/>\n\u2022\tGabinete construido en acero inoxidable.<br \/>\nEl film se ubica en el interior de la m\u00e1quina para mayor protecci\u00f3n.<br \/>\n\u2022\tSistema de corte realizado a trav\u00e9s de una resistencia tubular de 8mm de di\u00e1metro. Dicha resistencia no requiere ser reemplazada peri\u00f3dicamente y evita el desprendimiento de humo durante el corte.<br \/>\n\u2022\tSistema de freno que permite utilizar el film en tensi\u00f3n m\u00e1xima, logrando alrededor de un 5% de ahorro del mismo.<br \/>\n\u2022\tPlancha de termosellado recubierta con pintura antiadherente.<br \/>\n\u2022\tMedidas exteriores (alto x ancho x largo): 210 x 540 x 400mm<\/p>\n","protected":false},"excerpt":{"rendered":"<p>TERMOSELLADORA LINEA SUPER MOD 550 L\u00ednea Supermercado Mod. 550 \u2022 Gabinete construido en acero inoxidable. El film se ubica en el interior de la m\u00e1quina para mayor protecci\u00f3n. \u2022 Sistema de corte realizado a trav\u00e9s de una resistencia tubular de 8mm de di\u00e1metro. Dicha resistencia no requiere ser reemplazada peri\u00f3dicamente y evita el desprendimiento de <a class=\"read-more\" href=\"http:\/\/franequip.com.ar\/wp2\/producto\/termoselladora-linea-super-mod-550\/\">Read More<\/a><\/p>\n","protected":false},"featured_media":601,"comment_status":"open","ping_status":"closed","template":"","meta":{"_exactmetrics_skip_tracking":false,"_exactmetrics_sitenote_active":false,"_exactmetrics_sitenote_note":"","_exactmetrics_sitenote_category":0},"product_brand":[],"product_cat":[136],"product_tag":[],"class_list":{"0":"post-600","1":"product","2":"type-product","3":"status-publish","4":"has-post-thumbnail","6":"product_cat-selladoras","7":"dc_vendor_shop-vendedor2","9":"first","10":"instock","11":"shipping-taxable","12":"product-type-simple"},"_links":{"self":[{"href":"http:\/\/franequip.com.ar\/wp2\/wp-json\/wp\/v2\/product\/600","targetHints":{"allow":["GET"]}}],"collection":[{"href":"http:\/\/franequip.com.ar\/wp2\/wp-json\/wp\/v2\/product"}],"about":[{"href":"http:\/\/franequip.com.ar\/wp2\/wp-json\/wp\/v2\/types\/product"}],"replies":[{"embeddable":true,"href":"http:\/\/franequip.com.ar\/wp2\/wp-json\/wp\/v2\/comments?post=600"}],"wp:featuredmedia":[{"embeddable":true,"href":"http:\/\/franequip.com.ar\/wp2\/wp-json\/wp\/v2\/media\/601"}],"wp:attachment":[{"href":"http:\/\/franequip.com.ar\/wp2\/wp-json\/wp\/v2\/media?parent=600"}],"wp:term":[{"taxonomy":"product_brand","embeddable":true,"href":"http:\/\/franequip.com.ar\/wp2\/wp-json\/wp\/v2\/product_brand?post=600"},{"taxonomy":"product_cat","embeddable":true,"href":"http:\/\/franequip.com.ar\/wp2\/wp-json\/wp\/v2\/product_cat?post=600"},{"taxonomy":"product_tag","embeddable":true,"href":"http:\/\/franequip.com.ar\/wp2\/wp-json\/wp\/v2\/product_tag?post=600"}],"curies":[{"name":"wp","href":"https:\/\/api.w.org\/{rel}","templated":true}]}}