{"id":581,"date":"2015-07-20T23:13:16","date_gmt":"2015-07-20T23:13:16","guid":{"rendered":"http:\/\/franequip.com.ar\/wp2\/?post_type=product&#038;p=581"},"modified":"2019-06-15T00:52:41","modified_gmt":"2019-06-15T00:52:41","slug":"selladora-de-bolsas","status":"publish","type":"product","link":"http:\/\/franequip.com.ar\/wp2\/producto\/selladora-de-bolsas\/","title":{"rendered":"SELLADORA DE BOLSAS"},"content":{"rendered":"<p>SELLADORA DE BOLSAS<br \/>\nEspecificaciones t\u00e9cnicas:<\/p>\n<p>&#8211; Cuerpo de acero inoxidable de 1.6mm.pintado con pintura horneable.<br \/>\n&#8211; Integramente equipada con cables de alta temperatura.<br \/>\n&#8211; Llave reguladora por tiempo.<br \/>\n&#8211; Medidas disponibles de 20, 30 y 40cm.<\/p>\n<p>Altura<br \/>\n(cent\u00edmetros)<br \/>\nLado (cent\u00edmetros)<br \/>\nProfundidad (cent\u00edmetros)<br \/>\n15<\/p>\n<p>8<\/p>\n<p>44<\/p>\n","protected":false},"excerpt":{"rendered":"<p>SELLADORA DE BOLSAS Especificaciones t\u00e9cnicas: &#8211; Cuerpo de acero inoxidable de 1.6mm.pintado con pintura horneable. &#8211; Integramente equipada con cables de alta temperatura. &#8211; Llave reguladora por tiempo. &#8211; Medidas disponibles de 20, 30 y 40cm. Altura (cent\u00edmetros) Lado (cent\u00edmetros) Profundidad (cent\u00edmetros) 15 8 44<\/p>\n","protected":false},"featured_media":814,"comment_status":"open","ping_status":"closed","template":"","meta":{"_exactmetrics_skip_tracking":false,"_exactmetrics_sitenote_active":false,"_exactmetrics_sitenote_note":"","_exactmetrics_sitenote_category":0},"product_brand":[],"product_cat":[136],"product_tag":[],"class_list":{"0":"post-581","1":"product","2":"type-product","3":"status-publish","4":"has-post-thumbnail","6":"product_cat-selladoras","7":"dc_vendor_shop-vendedor2","9":"first","10":"instock","11":"shipping-taxable","12":"product-type-simple"},"_links":{"self":[{"href":"http:\/\/franequip.com.ar\/wp2\/wp-json\/wp\/v2\/product\/581","targetHints":{"allow":["GET"]}}],"collection":[{"href":"http:\/\/franequip.com.ar\/wp2\/wp-json\/wp\/v2\/product"}],"about":[{"href":"http:\/\/franequip.com.ar\/wp2\/wp-json\/wp\/v2\/types\/product"}],"replies":[{"embeddable":true,"href":"http:\/\/franequip.com.ar\/wp2\/wp-json\/wp\/v2\/comments?post=581"}],"wp:featuredmedia":[{"embeddable":true,"href":"http:\/\/franequip.com.ar\/wp2\/wp-json\/wp\/v2\/media\/814"}],"wp:attachment":[{"href":"http:\/\/franequip.com.ar\/wp2\/wp-json\/wp\/v2\/media?parent=581"}],"wp:term":[{"taxonomy":"product_brand","embeddable":true,"href":"http:\/\/franequip.com.ar\/wp2\/wp-json\/wp\/v2\/product_brand?post=581"},{"taxonomy":"product_cat","embeddable":true,"href":"http:\/\/franequip.com.ar\/wp2\/wp-json\/wp\/v2\/product_cat?post=581"},{"taxonomy":"product_tag","embeddable":true,"href":"http:\/\/franequip.com.ar\/wp2\/wp-json\/wp\/v2\/product_tag?post=581"}],"curies":[{"name":"wp","href":"https:\/\/api.w.org\/{rel}","templated":true}]}}