{"id":567,"date":"2015-07-20T20:17:44","date_gmt":"2015-07-20T20:17:44","guid":{"rendered":"http:\/\/franequip.com.ar\/wp2\/?post_type=product&#038;p=567"},"modified":"2019-06-15T00:52:38","modified_gmt":"2019-06-15T00:52:38","slug":"mesada-doble-bacha-estantes-y-cajones","status":"publish","type":"product","link":"http:\/\/franequip.com.ar\/wp2\/producto\/mesada-doble-bacha-estantes-y-cajones\/","title":{"rendered":"MESADA DOBLE BACHA ESTANTES Y CAJONES"},"content":{"rendered":"<p>MESADA DOBLE BACHA ESTANTES Y CAJONES<br \/>\n\u00bb CARACTER\u00cdSTICAS:<\/p>\n<p>\u00bb Realizadas en acero inoxidable de primera calidad (AISI 304, AISI 430 Esmerilado)<\/p>\n<p>\u00bb Rigidizadas mediante perfiles fijados a su cara inferior<\/p>\n<p>\u00bb Regatones regulables para su correcta nivelaci\u00f3n<\/p>\n<p>\u00bb Disposici\u00f3n: Mural o central<\/p>\n<p>\u00bb Base: en acero inoxidable o revestida en pintura epoxi (color a elecci\u00f3n).<\/p>\n<p>\u00bb Opcional:<br \/>\n&#8211; Estantes inferiores y superiores<br \/>\n&#8211; Ruedas<br \/>\n&#8211; Desbarazo<br \/>\n&#8211; Antidesborde perimetral<br \/>\n&#8211; Cajones<\/p>\n<p>MESADAS CON BACHA<br \/>\nOfrecemos 2 l\u00edneas de bachas que se adaptan funcionalmente a la necesidad de cada cliente.<br \/>\nPor un lado, la distinci\u00f3n y la ya reconocida calidad de la l\u00ednea Johnson Aceros y por el otro, la nueva l\u00ednea de bachas BG cuyos materiales y dise\u00f1os est\u00e1n asociados directamente a la gastronom\u00eda industrial de gran producci\u00f3n.<\/p>\n<p><a href=\"http:\/\/franequip.com.ar\/wp2\/wp-content\/uploads\/2015\/07\/linea-equip-cuadro-new.jpg\"><img decoding=\"async\" src=\"http:\/\/franequip.com.ar\/wp2\/wp-content\/uploads\/2015\/07\/linea-equip-cuadro-new.jpg\" alt=\"linea-equip-cuadro-new\" width=\"256\" height=\"129\" class=\"alignnone size-full wp-image-569\" srcset=\"http:\/\/franequip.com.ar\/wp2\/wp-content\/uploads\/2015\/07\/linea-equip-cuadro-new.jpg 256w, http:\/\/franequip.com.ar\/wp2\/wp-content\/uploads\/2015\/07\/linea-equip-cuadro-new-200x101.jpg 200w, http:\/\/franequip.com.ar\/wp2\/wp-content\/uploads\/2015\/07\/linea-equip-cuadro-new-105x53.jpg 105w\" sizes=\"(max-width: 256px) 100vw, 256px\" \/><\/a><\/p>\n","protected":false},"excerpt":{"rendered":"<p>MESADA DOBLE BACHA ESTANTES Y CAJONES \u00bb CARACTER\u00cdSTICAS: \u00bb Realizadas en acero inoxidable de primera calidad (AISI 304, AISI 430 Esmerilado) \u00bb Rigidizadas mediante perfiles fijados a su cara inferior \u00bb Regatones regulables para su correcta nivelaci\u00f3n \u00bb Disposici\u00f3n: Mural o central \u00bb Base: en acero inoxidable o revestida en pintura epoxi (color a elecci\u00f3n). <a class=\"read-more\" href=\"http:\/\/franequip.com.ar\/wp2\/producto\/mesada-doble-bacha-estantes-y-cajones\/\">Read More<\/a><\/p>\n","protected":false},"featured_media":568,"comment_status":"open","ping_status":"closed","template":"","meta":{"_exactmetrics_skip_tracking":false,"_exactmetrics_sitenote_active":false,"_exactmetrics_sitenote_note":"","_exactmetrics_sitenote_category":0},"product_brand":[],"product_cat":[133],"product_tag":[],"class_list":{"0":"post-567","1":"product","2":"type-product","3":"status-publish","4":"has-post-thumbnail","6":"product_cat-mesadas-bachas","7":"dc_vendor_shop-vendedor2","9":"first","10":"instock","11":"shipping-taxable","12":"product-type-simple"},"_links":{"self":[{"href":"http:\/\/franequip.com.ar\/wp2\/wp-json\/wp\/v2\/product\/567","targetHints":{"allow":["GET"]}}],"collection":[{"href":"http:\/\/franequip.com.ar\/wp2\/wp-json\/wp\/v2\/product"}],"about":[{"href":"http:\/\/franequip.com.ar\/wp2\/wp-json\/wp\/v2\/types\/product"}],"replies":[{"embeddable":true,"href":"http:\/\/franequip.com.ar\/wp2\/wp-json\/wp\/v2\/comments?post=567"}],"wp:featuredmedia":[{"embeddable":true,"href":"http:\/\/franequip.com.ar\/wp2\/wp-json\/wp\/v2\/media\/568"}],"wp:attachment":[{"href":"http:\/\/franequip.com.ar\/wp2\/wp-json\/wp\/v2\/media?parent=567"}],"wp:term":[{"taxonomy":"product_brand","embeddable":true,"href":"http:\/\/franequip.com.ar\/wp2\/wp-json\/wp\/v2\/product_brand?post=567"},{"taxonomy":"product_cat","embeddable":true,"href":"http:\/\/franequip.com.ar\/wp2\/wp-json\/wp\/v2\/product_cat?post=567"},{"taxonomy":"product_tag","embeddable":true,"href":"http:\/\/franequip.com.ar\/wp2\/wp-json\/wp\/v2\/product_tag?post=567"}],"curies":[{"name":"wp","href":"https:\/\/api.w.org\/{rel}","templated":true}]}}