{"id":545,"date":"2015-07-20T20:01:00","date_gmt":"2015-07-20T20:01:00","guid":{"rendered":"http:\/\/franequip.com.ar\/wp2\/?post_type=product&#038;p=545"},"modified":"2019-06-15T00:52:33","modified_gmt":"2019-06-15T00:52:33","slug":"panchera-sp-25-con-calienta-pan","status":"publish","type":"product","link":"http:\/\/franequip.com.ar\/wp2\/producto\/panchera-sp-25-con-calienta-pan\/","title":{"rendered":"Panchera S\/P 25 con calienta pan"},"content":{"rendered":"<p>Panchera S\/P 25 con calienta pan<br \/>\nCaracter\u00edsticas:<\/p>\n<p>Ancho: 46,5  cm.<\/p>\n<p>Profundidad: 35 cm.<\/p>\n<p>Altura: 26 cm.<\/p>\n<p>Peso: 8,650 kg.<\/p>\n<p>Alimentaci\u00f3n El\u00e9ctrica: 220V 50-60 Hz.<\/p>\n<p>Potencia elemento calefactor panchera: 0,55 KW<\/p>\n<p>Potencia elemento calefactor calienta pan: 0,55 KW<\/p>\n<p>Potencia total: 1,1 KW<\/p>\n<p>Capacidad : 6,6 lts  cada boca.<\/p>\n<p>Bacha en Acero Inox. AISI 304<\/p>\n<p>Tapa con Bisagra<\/p>\n","protected":false},"excerpt":{"rendered":"<p>Panchera S\/P 25 con calienta pan Caracter\u00edsticas: Ancho: 46,5 cm. Profundidad: 35 cm. Altura: 26 cm. Peso: 8,650 kg. Alimentaci\u00f3n El\u00e9ctrica: 220V 50-60 Hz. Potencia elemento calefactor panchera: 0,55 KW Potencia elemento calefactor calienta pan: 0,55 KW Potencia total: 1,1 KW Capacidad : 6,6 lts cada boca. Bacha en Acero Inox. AISI 304 Tapa con <a class=\"read-more\" href=\"http:\/\/franequip.com.ar\/wp2\/producto\/panchera-sp-25-con-calienta-pan\/\">Read More<\/a><\/p>\n","protected":false},"featured_media":546,"comment_status":"open","ping_status":"closed","template":"","meta":{"_exactmetrics_skip_tracking":false,"_exactmetrics_sitenote_active":false,"_exactmetrics_sitenote_note":"","_exactmetrics_sitenote_category":0},"product_brand":[],"product_cat":[128],"product_tag":[],"class_list":{"0":"post-545","1":"product","2":"type-product","3":"status-publish","4":"has-post-thumbnail","6":"product_cat-pancheras","7":"dc_vendor_shop-vendedor2","9":"first","10":"instock","11":"shipping-taxable","12":"product-type-simple"},"_links":{"self":[{"href":"http:\/\/franequip.com.ar\/wp2\/wp-json\/wp\/v2\/product\/545","targetHints":{"allow":["GET"]}}],"collection":[{"href":"http:\/\/franequip.com.ar\/wp2\/wp-json\/wp\/v2\/product"}],"about":[{"href":"http:\/\/franequip.com.ar\/wp2\/wp-json\/wp\/v2\/types\/product"}],"replies":[{"embeddable":true,"href":"http:\/\/franequip.com.ar\/wp2\/wp-json\/wp\/v2\/comments?post=545"}],"wp:featuredmedia":[{"embeddable":true,"href":"http:\/\/franequip.com.ar\/wp2\/wp-json\/wp\/v2\/media\/546"}],"wp:attachment":[{"href":"http:\/\/franequip.com.ar\/wp2\/wp-json\/wp\/v2\/media?parent=545"}],"wp:term":[{"taxonomy":"product_brand","embeddable":true,"href":"http:\/\/franequip.com.ar\/wp2\/wp-json\/wp\/v2\/product_brand?post=545"},{"taxonomy":"product_cat","embeddable":true,"href":"http:\/\/franequip.com.ar\/wp2\/wp-json\/wp\/v2\/product_cat?post=545"},{"taxonomy":"product_tag","embeddable":true,"href":"http:\/\/franequip.com.ar\/wp2\/wp-json\/wp\/v2\/product_tag?post=545"}],"curies":[{"name":"wp","href":"https:\/\/api.w.org\/{rel}","templated":true}]}}