{"id":543,"date":"2015-07-20T19:59:23","date_gmt":"2015-07-20T19:59:23","guid":{"rendered":"http:\/\/franequip.com.ar\/wp2\/?post_type=product&#038;p=543"},"modified":"2019-06-15T00:52:33","modified_gmt":"2019-06-15T00:52:33","slug":"panchera-sp-25","status":"publish","type":"product","link":"http:\/\/franequip.com.ar\/wp2\/producto\/panchera-sp-25\/","title":{"rendered":"Panchera S\/P 25"},"content":{"rendered":"<p>Panchera S\/P 25<br \/>\nCaracter\u00edsticas:<\/p>\n<p>Ancho: 35 cm.<\/p>\n<p>Profundidad: 23 cm.<\/p>\n<p>Altura: 26 cm.<\/p>\n<p>Peso: 4,500 kg.<\/p>\n<p>Capacidad : 6.600 cc.<\/p>\n<p>Alimentaci\u00f3n El\u00e9ctrica: 220V 50-60 Hz.<\/p>\n<p>Potencia elemento calefactor : 0.55 Kw.<\/p>\n<p>Bacha en Acero Inox. AISI 304<\/p>\n<p>Tapa con Bisagra.<\/p>\n","protected":false},"excerpt":{"rendered":"<p>Panchera S\/P 25 Caracter\u00edsticas: Ancho: 35 cm. Profundidad: 23 cm. Altura: 26 cm. Peso: 4,500 kg. Capacidad : 6.600 cc. Alimentaci\u00f3n El\u00e9ctrica: 220V 50-60 Hz. Potencia elemento calefactor : 0.55 Kw. Bacha en Acero Inox. AISI 304 Tapa con Bisagra.<\/p>\n","protected":false},"featured_media":544,"comment_status":"open","ping_status":"closed","template":"","meta":{"_exactmetrics_skip_tracking":false,"_exactmetrics_sitenote_active":false,"_exactmetrics_sitenote_note":"","_exactmetrics_sitenote_category":0},"product_brand":[],"product_cat":[128],"product_tag":[],"class_list":{"0":"post-543","1":"product","2":"type-product","3":"status-publish","4":"has-post-thumbnail","6":"product_cat-pancheras","7":"dc_vendor_shop-vendedor2","9":"first","10":"instock","11":"shipping-taxable","12":"product-type-simple"},"_links":{"self":[{"href":"http:\/\/franequip.com.ar\/wp2\/wp-json\/wp\/v2\/product\/543","targetHints":{"allow":["GET"]}}],"collection":[{"href":"http:\/\/franequip.com.ar\/wp2\/wp-json\/wp\/v2\/product"}],"about":[{"href":"http:\/\/franequip.com.ar\/wp2\/wp-json\/wp\/v2\/types\/product"}],"replies":[{"embeddable":true,"href":"http:\/\/franequip.com.ar\/wp2\/wp-json\/wp\/v2\/comments?post=543"}],"wp:featuredmedia":[{"embeddable":true,"href":"http:\/\/franequip.com.ar\/wp2\/wp-json\/wp\/v2\/media\/544"}],"wp:attachment":[{"href":"http:\/\/franequip.com.ar\/wp2\/wp-json\/wp\/v2\/media?parent=543"}],"wp:term":[{"taxonomy":"product_brand","embeddable":true,"href":"http:\/\/franequip.com.ar\/wp2\/wp-json\/wp\/v2\/product_brand?post=543"},{"taxonomy":"product_cat","embeddable":true,"href":"http:\/\/franequip.com.ar\/wp2\/wp-json\/wp\/v2\/product_cat?post=543"},{"taxonomy":"product_tag","embeddable":true,"href":"http:\/\/franequip.com.ar\/wp2\/wp-json\/wp\/v2\/product_tag?post=543"}],"curies":[{"name":"wp","href":"https:\/\/api.w.org\/{rel}","templated":true}]}}