{"id":468,"date":"2015-07-20T15:07:44","date_gmt":"2015-07-20T15:07:44","guid":{"rendered":"http:\/\/franequip.com.ar\/wp2\/?post_type=product&#038;p=468"},"modified":"2019-06-15T00:52:24","modified_gmt":"2019-06-15T00:52:24","slug":"controlador-fiscal-moretti-opale","status":"publish","type":"product","link":"http:\/\/franequip.com.ar\/wp2\/producto\/controlador-fiscal-moretti-opale\/","title":{"rendered":"CONTROLADOR FISCAL MORETTI OPALE"},"content":{"rendered":"<p>HOMOLOGADA POR RESOLUCION GRAL. D.G.I.AFIP 250\/98 \u2022 Excelente relacion Costo \u2013 Beneficio. \u2022 4000 PLU. \u2022 La velocidad de impresion m\u00e1s alta del mercado. \u2022 Interconexion a PC, Scanners y balanzas. \u2022 Equipado con un nuevo tipo de Doble Impresor T\u00e9rmico, logrando alt\u00edsima velocidad de impresi\u00f3n, evitando as\u00ed tediosas operaciones de reemplazo de la cinta de impresi\u00f3n; reduciendo notablemente los costos en el mantenimiento. \u2022 Doble Display: Cajero fijo y Cliente orientable con giro de 360O. \u2022 Llave frontal de comando con posicion de bloqueo, apertura manual o automatica. \u2022 4 Puertos de comunicacion serie RJ-11 + puerto de auditoria DGI. \u2022 Compatibilidad \u2022 Sensor interno de cambio de papel monitoreable desde el visor. \u2022 Caj\u00f3n de dinero de caracter\u00edsticas exclusivas, estructura de metal galvanizado revestido en ABS. Movimiento muy silencioso sobre almohadillas horizontales y laterales. 9 compartimientos para monedas: 5 fijos y 4 regulables, 4 compartimientos con doble sujetabilletes, cubeta levantable para billetes de mayor valor. \u2022 Manual de uso didactico y completo. \u2022 Alimentaci\u00f3n: 220 V. &#8211; 50 Hz \u00b1 3 %. \u2022 Manejo total de las bases de datos de articulos, ABM y Captura de totales de venta desde una PC. \u2022 Interconexion multiple de varios equipos simultaneamente. \u2022 Compatibilidad 100% con software de gestion Moretti WSBP version Windows. \u2022 Software de interconexion OPALINK y drivers de comunicaci\u00f3n del equipo incluidos. FE DE ERRATAS: Item almacenamiento debe decir 1850 cierres diarios en la Memoria Fiscal.<\/p>\n","protected":false},"excerpt":{"rendered":"<p>HOMOLOGADA POR RESOLUCION GRAL. D.G.I.AFIP 250\/98 \u2022 Excelente relacion Costo \u2013 Beneficio. \u2022 4000 PLU. \u2022 La velocidad de impresion m\u00e1s alta del mercado. \u2022 Interconexion a PC, Scanners y balanzas. \u2022 Equipado con un nuevo tipo de Doble Impresor T\u00e9rmico, logrando alt\u00edsima velocidad de impresi\u00f3n, evitando as\u00ed tediosas operaciones de reemplazo de la cinta <a class=\"read-more\" href=\"http:\/\/franequip.com.ar\/wp2\/producto\/controlador-fiscal-moretti-opale\/\">Read More<\/a><\/p>\n","protected":false},"featured_media":469,"comment_status":"open","ping_status":"closed","template":"","meta":{"_exactmetrics_skip_tracking":false,"_exactmetrics_sitenote_active":false,"_exactmetrics_sitenote_note":"","_exactmetrics_sitenote_category":0},"product_brand":[],"product_cat":[142],"product_tag":[114,113,9],"class_list":{"0":"post-468","1":"product","2":"type-product","3":"status-publish","4":"has-post-thumbnail","6":"product_cat-impresor-controlador","7":"product_tag-contoladora","8":"product_tag-fiscal","9":"product_tag-moretti","10":"dc_vendor_shop-vendedor2","12":"first","13":"instock","14":"shipping-taxable","15":"product-type-simple"},"_links":{"self":[{"href":"http:\/\/franequip.com.ar\/wp2\/wp-json\/wp\/v2\/product\/468","targetHints":{"allow":["GET"]}}],"collection":[{"href":"http:\/\/franequip.com.ar\/wp2\/wp-json\/wp\/v2\/product"}],"about":[{"href":"http:\/\/franequip.com.ar\/wp2\/wp-json\/wp\/v2\/types\/product"}],"replies":[{"embeddable":true,"href":"http:\/\/franequip.com.ar\/wp2\/wp-json\/wp\/v2\/comments?post=468"}],"wp:featuredmedia":[{"embeddable":true,"href":"http:\/\/franequip.com.ar\/wp2\/wp-json\/wp\/v2\/media\/469"}],"wp:attachment":[{"href":"http:\/\/franequip.com.ar\/wp2\/wp-json\/wp\/v2\/media?parent=468"}],"wp:term":[{"taxonomy":"product_brand","embeddable":true,"href":"http:\/\/franequip.com.ar\/wp2\/wp-json\/wp\/v2\/product_brand?post=468"},{"taxonomy":"product_cat","embeddable":true,"href":"http:\/\/franequip.com.ar\/wp2\/wp-json\/wp\/v2\/product_cat?post=468"},{"taxonomy":"product_tag","embeddable":true,"href":"http:\/\/franequip.com.ar\/wp2\/wp-json\/wp\/v2\/product_tag?post=468"}],"curies":[{"name":"wp","href":"https:\/\/api.w.org\/{rel}","templated":true}]}}