{"id":466,"date":"2015-07-20T15:02:15","date_gmt":"2015-07-20T15:02:15","guid":{"rendered":"http:\/\/franequip.com.ar\/wp2\/?post_type=product&#038;p=466"},"modified":"2019-06-15T00:52:24","modified_gmt":"2019-06-15T00:52:24","slug":"confeccionadora-de-bolsas-hc-600","status":"publish","type":"product","link":"http:\/\/franequip.com.ar\/wp2\/producto\/confeccionadora-de-bolsas-hc-600\/","title":{"rendered":"Confeccionadora de bolsas HC 600"},"content":{"rendered":"<p>Posee un portabobina, un dispositivo de sellado, una cuchilla de corte para la confecci\u00f3n de la bolsa y una regla en la parte anterior para medir el tama\u00f1o de la bolsa a fabricar.<\/p>\n<p>Caracter\u00edsticas t\u00e9cnicas<br \/>\n\u2022 Permite confeccionar bolsas de 60cm de ancho m\u00e1ximo y 1 metro de largo m\u00e1ximo.<br \/>\n\u2022 Gabinete de chapa esmaltada y cobertura exterior de acero inoxidable. \u2022 Regulaci\u00f3n electr\u00f3nica para sellado de diferentes espesores de bolsa.<\/p>\n","protected":false},"excerpt":{"rendered":"<p>Posee un portabobina, un dispositivo de sellado, una cuchilla de corte para la confecci\u00f3n de la bolsa y una regla en la parte anterior para medir el tama\u00f1o de la bolsa a fabricar. Caracter\u00edsticas t\u00e9cnicas \u2022 Permite confeccionar bolsas de 60cm de ancho m\u00e1ximo y 1 metro de largo m\u00e1ximo. \u2022 Gabinete de chapa esmaltada <a class=\"read-more\" href=\"http:\/\/franequip.com.ar\/wp2\/producto\/confeccionadora-de-bolsas-hc-600\/\">Read More<\/a><\/p>\n","protected":false},"featured_media":467,"comment_status":"open","ping_status":"closed","template":"","meta":{"_exactmetrics_skip_tracking":false,"_exactmetrics_sitenote_active":false,"_exactmetrics_sitenote_note":"","_exactmetrics_sitenote_category":0},"product_brand":[],"product_cat":[143,136],"product_tag":[112],"class_list":{"0":"post-466","1":"product","2":"type-product","3":"status-publish","4":"has-post-thumbnail","6":"product_cat-maquinas-varias","7":"product_cat-selladoras","8":"product_tag-bolsas","9":"dc_vendor_shop-vendedor2","11":"first","12":"instock","13":"shipping-taxable","14":"product-type-simple"},"_links":{"self":[{"href":"http:\/\/franequip.com.ar\/wp2\/wp-json\/wp\/v2\/product\/466","targetHints":{"allow":["GET"]}}],"collection":[{"href":"http:\/\/franequip.com.ar\/wp2\/wp-json\/wp\/v2\/product"}],"about":[{"href":"http:\/\/franequip.com.ar\/wp2\/wp-json\/wp\/v2\/types\/product"}],"replies":[{"embeddable":true,"href":"http:\/\/franequip.com.ar\/wp2\/wp-json\/wp\/v2\/comments?post=466"}],"wp:featuredmedia":[{"embeddable":true,"href":"http:\/\/franequip.com.ar\/wp2\/wp-json\/wp\/v2\/media\/467"}],"wp:attachment":[{"href":"http:\/\/franequip.com.ar\/wp2\/wp-json\/wp\/v2\/media?parent=466"}],"wp:term":[{"taxonomy":"product_brand","embeddable":true,"href":"http:\/\/franequip.com.ar\/wp2\/wp-json\/wp\/v2\/product_brand?post=466"},{"taxonomy":"product_cat","embeddable":true,"href":"http:\/\/franequip.com.ar\/wp2\/wp-json\/wp\/v2\/product_cat?post=466"},{"taxonomy":"product_tag","embeddable":true,"href":"http:\/\/franequip.com.ar\/wp2\/wp-json\/wp\/v2\/product_tag?post=466"}],"curies":[{"name":"wp","href":"https:\/\/api.w.org\/{rel}","templated":true}]}}