{"id":442,"date":"2015-07-20T01:51:23","date_gmt":"2015-07-20T01:51:23","guid":{"rendered":"http:\/\/franequip.com.ar\/wp2\/?post_type=product&#038;p=442"},"modified":"2019-06-15T00:52:20","modified_gmt":"2019-06-15T00:52:20","slug":"cafetera-infusionador-sikla-dk-40-6-lts-40-pocillos","status":"publish","type":"product","link":"http:\/\/franequip.com.ar\/wp2\/producto\/cafetera-infusionador-sikla-dk-40-6-lts-40-pocillos\/","title":{"rendered":"CAFETERA INFUSIONADOR SIKLA DK 40 6 LTS \/40 POCILLOS"},"content":{"rendered":"<p>Para caf\u00e9, mate cocido, agua caliente y t\u00e9 en hebras &#8211; Grifo bidireccional para desagote total o parcial &#8211; Filtro de acero inoxidable removible y f\u00e1cil de limpiar &#8211; Corte autom\u00e1tico y mantenimiento de temperatura &#8211; Interior y exterior de acero inoxidable &#8211; Indicador de nivel a la vista &#8211; Doble pared de acero inoxidable &#8211; Indicadores luminosos de preparaci\u00f3n y servicio &#8211; Bandeja antigoteo &#8211; Tecla de apagado y encendido.<\/p>\n","protected":false},"excerpt":{"rendered":"<p>Para caf\u00e9, mate cocido, agua caliente y t\u00e9 en hebras &#8211; Grifo bidireccional para desagote total o parcial &#8211; Filtro de acero inoxidable removible y f\u00e1cil de limpiar &#8211; Corte autom\u00e1tico y mantenimiento de temperatura &#8211; Interior y exterior de acero inoxidable &#8211; Indicador de nivel a la vista &#8211; Doble pared de acero inoxidable <a class=\"read-more\" href=\"http:\/\/franequip.com.ar\/wp2\/producto\/cafetera-infusionador-sikla-dk-40-6-lts-40-pocillos\/\">Read More<\/a><\/p>\n","protected":false},"featured_media":443,"comment_status":"open","ping_status":"closed","template":"","meta":{"_exactmetrics_skip_tracking":false,"_exactmetrics_sitenote_active":false,"_exactmetrics_sitenote_note":"","_exactmetrics_sitenote_category":0},"product_brand":[],"product_cat":[141,100],"product_tag":[101,102],"class_list":{"0":"post-442","1":"product","2":"type-product","3":"status-publish","4":"has-post-thumbnail","6":"product_cat-destacados","7":"product_cat-cafeteras","8":"product_tag-cafeteras","9":"product_tag-sikla","10":"dc_vendor_shop-vendedor2","12":"first","13":"instock","14":"shipping-taxable","15":"product-type-simple"},"_links":{"self":[{"href":"http:\/\/franequip.com.ar\/wp2\/wp-json\/wp\/v2\/product\/442","targetHints":{"allow":["GET"]}}],"collection":[{"href":"http:\/\/franequip.com.ar\/wp2\/wp-json\/wp\/v2\/product"}],"about":[{"href":"http:\/\/franequip.com.ar\/wp2\/wp-json\/wp\/v2\/types\/product"}],"replies":[{"embeddable":true,"href":"http:\/\/franequip.com.ar\/wp2\/wp-json\/wp\/v2\/comments?post=442"}],"wp:featuredmedia":[{"embeddable":true,"href":"http:\/\/franequip.com.ar\/wp2\/wp-json\/wp\/v2\/media\/443"}],"wp:attachment":[{"href":"http:\/\/franequip.com.ar\/wp2\/wp-json\/wp\/v2\/media?parent=442"}],"wp:term":[{"taxonomy":"product_brand","embeddable":true,"href":"http:\/\/franequip.com.ar\/wp2\/wp-json\/wp\/v2\/product_brand?post=442"},{"taxonomy":"product_cat","embeddable":true,"href":"http:\/\/franequip.com.ar\/wp2\/wp-json\/wp\/v2\/product_cat?post=442"},{"taxonomy":"product_tag","embeddable":true,"href":"http:\/\/franequip.com.ar\/wp2\/wp-json\/wp\/v2\/product_tag?post=442"}],"curies":[{"name":"wp","href":"https:\/\/api.w.org\/{rel}","templated":true}]}}