{"id":33,"date":"2015-07-15T17:23:38","date_gmt":"2015-07-15T17:23:38","guid":{"rendered":"http:\/\/franequip.com.ar\/wp2\/?post_type=product&#038;p=33"},"modified":"2019-06-15T00:51:04","modified_gmt":"2019-06-15T00:51:04","slug":"cocina-tecno-calor-930","status":"publish","type":"product","link":"http:\/\/franequip.com.ar\/wp2\/producto\/cocina-tecno-calor-930\/","title":{"rendered":"Cocina Tecno Calor 930"},"content":{"rendered":"<p>Cocina Tecno Calor 930<br \/>\nCaracter\u00edsticas<br \/>\n4 Hornallas 1 Horno<br \/>\nEstructura: De hierro \u00e1ngulo soldado<br \/>\nExterior: Gabinete, Marco<br \/>\nSuperior y Bandeja Antiderrame en acero<br \/>\nInox. 304 mate<br \/>\nInterior: En cer\u00e1mico termorefractarios<br \/>\nMedidas Horno: 0.720 x 0.720 x 0.300<br \/>\nRejillas y quemadores y plancha en fundici\u00f3n gris. <\/p>\n<p>Medidas\t <\/p>\n<p>Frente: 0.930<br \/>\nProfundidad: 0.750<br \/>\nAltura: 0.820<\/p>\n","protected":false},"excerpt":{"rendered":"<p>Cocina Tecno Calor 930 Caracter\u00edsticas 4 Hornallas 1 Horno Estructura: De hierro \u00e1ngulo soldado Exterior: Gabinete, Marco Superior y Bandeja Antiderrame en acero Inox. 304 mate Interior: En cer\u00e1mico termorefractarios Medidas Horno: 0.720 x 0.720 x 0.300 Rejillas y quemadores y plancha en fundici\u00f3n gris. Medidas Frente: 0.930 Profundidad: 0.750 Altura: 0.820<\/p>\n","protected":false},"featured_media":34,"comment_status":"open","ping_status":"closed","template":"","meta":{"_exactmetrics_skip_tracking":false,"_exactmetrics_sitenote_active":false,"_exactmetrics_sitenote_note":"","_exactmetrics_sitenote_category":0},"product_brand":[],"product_cat":[12],"product_tag":[],"class_list":{"0":"post-33","1":"product","2":"type-product","3":"status-publish","4":"has-post-thumbnail","6":"product_cat-cocinas","7":"dc_vendor_shop-vendedor2","9":"first","10":"instock","11":"shipping-taxable","12":"product-type-simple"},"_links":{"self":[{"href":"http:\/\/franequip.com.ar\/wp2\/wp-json\/wp\/v2\/product\/33","targetHints":{"allow":["GET"]}}],"collection":[{"href":"http:\/\/franequip.com.ar\/wp2\/wp-json\/wp\/v2\/product"}],"about":[{"href":"http:\/\/franequip.com.ar\/wp2\/wp-json\/wp\/v2\/types\/product"}],"replies":[{"embeddable":true,"href":"http:\/\/franequip.com.ar\/wp2\/wp-json\/wp\/v2\/comments?post=33"}],"wp:featuredmedia":[{"embeddable":true,"href":"http:\/\/franequip.com.ar\/wp2\/wp-json\/wp\/v2\/media\/34"}],"wp:attachment":[{"href":"http:\/\/franequip.com.ar\/wp2\/wp-json\/wp\/v2\/media?parent=33"}],"wp:term":[{"taxonomy":"product_brand","embeddable":true,"href":"http:\/\/franequip.com.ar\/wp2\/wp-json\/wp\/v2\/product_brand?post=33"},{"taxonomy":"product_cat","embeddable":true,"href":"http:\/\/franequip.com.ar\/wp2\/wp-json\/wp\/v2\/product_cat?post=33"},{"taxonomy":"product_tag","embeddable":true,"href":"http:\/\/franequip.com.ar\/wp2\/wp-json\/wp\/v2\/product_tag?post=33"}],"curies":[{"name":"wp","href":"https:\/\/api.w.org\/{rel}","templated":true}]}}