{"id":320,"date":"2015-07-16T20:01:25","date_gmt":"2015-07-16T20:01:25","guid":{"rendered":"http:\/\/franequip.com.ar\/wp2\/?post_type=product&#038;p=320"},"modified":"2019-06-15T00:52:10","modified_gmt":"2019-06-15T00:52:10","slug":"campana-extractor-tst-nihuil","status":"publish","type":"product","link":"http:\/\/franequip.com.ar\/wp2\/producto\/campana-extractor-tst-nihuil\/","title":{"rendered":"Campana extractor TST Nihuil 60 cm"},"content":{"rendered":"<p><a href=\"http:\/\/franequip.com.ar\/wp2\/wp-content\/uploads\/2015\/07\/campana-TST-NIHUIL-60cm.png\"><img fetchpriority=\"high\" decoding=\"async\" class=\"alignnone size-full wp-image-984\" src=\"http:\/\/franequip.com.ar\/wp2\/wp-content\/uploads\/2015\/07\/campana-TST-NIHUIL-60cm.png\" alt=\"campana-TST NIHUIL 60cm\" width=\"900\" height=\"650\" srcset=\"http:\/\/franequip.com.ar\/wp2\/wp-content\/uploads\/2015\/07\/campana-TST-NIHUIL-60cm.png 900w, http:\/\/franequip.com.ar\/wp2\/wp-content\/uploads\/2015\/07\/campana-TST-NIHUIL-60cm-300x217.png 300w, http:\/\/franequip.com.ar\/wp2\/wp-content\/uploads\/2015\/07\/campana-TST-NIHUIL-60cm-700x506.png 700w\" sizes=\"(max-width: 900px) 100vw, 900px\" \/><\/a> <a href=\"http:\/\/franequip.com.ar\/wp2\/wp-content\/uploads\/2015\/07\/campana-TST-NIHUIL-60cm-desc.png\"><img decoding=\"async\" class=\"alignnone size-full wp-image-986\" src=\"http:\/\/franequip.com.ar\/wp2\/wp-content\/uploads\/2015\/07\/campana-TST-NIHUIL-60cm-desc.png\" alt=\"campana-TST NIHUIL 60cm-desc\" width=\"900\" height=\"1808\" srcset=\"http:\/\/franequip.com.ar\/wp2\/wp-content\/uploads\/2015\/07\/campana-TST-NIHUIL-60cm-desc.png 900w, http:\/\/franequip.com.ar\/wp2\/wp-content\/uploads\/2015\/07\/campana-TST-NIHUIL-60cm-desc-300x603.png 300w, http:\/\/franequip.com.ar\/wp2\/wp-content\/uploads\/2015\/07\/campana-TST-NIHUIL-60cm-desc-700x1406.png 700w, http:\/\/franequip.com.ar\/wp2\/wp-content\/uploads\/2015\/07\/campana-TST-NIHUIL-60cm-desc-149x300.png 149w, http:\/\/franequip.com.ar\/wp2\/wp-content\/uploads\/2015\/07\/campana-TST-NIHUIL-60cm-desc-510x1024.png 510w\" sizes=\"(max-width: 900px) 100vw, 900px\" \/><\/a><\/p>\n<p>Motor interno alto rendimiento y bajo nivel sonoro.<br \/>\n3 velocidades.<br \/>\nColor: acero inoxidable esmerilado.<br \/>\nCubre ca\u00f1o extensible.<br \/>\nFiltro met\u00e1lico lavable.<br \/>\nExtraccion: 800 m3\/h c\/salida libre.<br \/>\nIluminaci\u00f3n: 1-2 lampara incadescente x 25W.<br \/>\nOpcional: filtro carbono activado<br \/>\nMedidas: 600-750-900 mm.<\/p>\n<p>GESTI\u00d3N Y CONTROL<\/p>\n<p>01 Comando Electr\u00f3nico con Temporizador<br \/>\nComando electr\u00f3nico con programaci\u00f3n de apagado autom\u00e1tico en tres tiempos diferentes de funcionamiento. Tres velocidades a elecci\u00f3n: baja, media y alta.<\/p>\n<p>02 Filtros de Aire<br \/>\nFiltros de aire con dise\u00f1o exclusivo \u00fanicos en el mercado. Son desarmables y facilitan la limpieza. Est\u00e1n construidos con materiales nobles de gran resistencia que aseguran una larga vida \u00fatil y una eficiente retenci\u00f3n de grasas.<\/p>\n<p>03 Tiraje<br \/>\nLa aspiraci\u00f3n de humos y grasas es tratada de forma tal que las \u00e1reas de tiraje tienen la mayor superficie posible seg\u00fan el dise\u00f1o que T.S.T. aplica en sus distintos modelos de campanas.<\/p>\n<p>T.S.T cuenta con stock permanente brindando as\u00ed una r\u00e1pida respuesta al requerimiento de cualquier modelo del cat\u00e1logo, en todo el pa\u00eds.<\/p>\n<p>CONSEJOS<\/p>\n<p>01 No utilizar la cocina como calefactor. Medidas m\u00ednimas para una correcta instalaci\u00f3n entre la campana y la llama de fuego:<br \/>\n-cocina el\u00e9ctrica, 60 cm.<br \/>\n-cocina a gas, 65 cm.<br \/>\n-cocina de alto poder cal\u00f3rico, desde 70 cm.<\/p>\n<p>02 Utilice conductos lisos para evitar turbulencias y acumulaci\u00f3n de grasas.<\/p>\n<p>03 Instalar, en caso de ser necesario, curvas suaves evitando codos pronunciados.<\/p>\n<p>04 El sombrete de final de conducto debe tener la suficiente abertura para permitir la descarga del aire.<\/p>\n<p>05 No utilice rejillas de ventilaci\u00f3n que obstruyan el tiraje.<\/p>\n<p>06 Mantenga constantes los di\u00e1metros de la tuber\u00eda.<\/p>\n<p>07 Limpie los filtros peri\u00f3dicamente.<\/p>\n<p>08 No utilice productos de limpieza abrasivos, o que contengan cloro.<\/p>\n<p>09 Advertencia: evitar contacto con materiales de obra (yeso, cal, polvo, piedras, etc&#8230;)<\/p>\n<p>10 Para mayor informaci\u00f3n lea el manual de instrucciones que acompa\u00f1a nuestro producto.<\/p>\n","protected":false},"excerpt":{"rendered":"<p>Motor interno alto rendimiento y bajo nivel sonoro. 3 velocidades. Color: acero inoxidable esmerilado. Cubre ca\u00f1o extensible. Filtro met\u00e1lico lavable. Extraccion: 800 m3\/h c\/salida libre. Iluminaci\u00f3n: 1-2 lampara incadescente x 25W. Opcional: filtro carbono activado Medidas: 600-750-900 mm. GESTI\u00d3N Y CONTROL 01 Comando Electr\u00f3nico con Temporizador Comando electr\u00f3nico con programaci\u00f3n de apagado autom\u00e1tico en tres <a class=\"read-more\" href=\"http:\/\/franequip.com.ar\/wp2\/producto\/campana-extractor-tst-nihuil\/\">Read More<\/a><\/p>\n","protected":false},"featured_media":984,"comment_status":"open","ping_status":"closed","template":"","meta":{"_exactmetrics_skip_tracking":false,"_exactmetrics_sitenote_active":false,"_exactmetrics_sitenote_note":"","_exactmetrics_sitenote_category":0},"product_brand":[],"product_cat":[78,81],"product_tag":[79,35],"class_list":{"0":"post-320","1":"product","2":"type-product","3":"status-publish","4":"has-post-thumbnail","6":"product_cat-campana","7":"product_cat-extractores","8":"product_tag-campana","9":"product_tag-tst","10":"dc_vendor_shop-vendedor2","12":"first","13":"instock","14":"shipping-taxable","15":"product-type-simple"},"_links":{"self":[{"href":"http:\/\/franequip.com.ar\/wp2\/wp-json\/wp\/v2\/product\/320","targetHints":{"allow":["GET"]}}],"collection":[{"href":"http:\/\/franequip.com.ar\/wp2\/wp-json\/wp\/v2\/product"}],"about":[{"href":"http:\/\/franequip.com.ar\/wp2\/wp-json\/wp\/v2\/types\/product"}],"replies":[{"embeddable":true,"href":"http:\/\/franequip.com.ar\/wp2\/wp-json\/wp\/v2\/comments?post=320"}],"wp:featuredmedia":[{"embeddable":true,"href":"http:\/\/franequip.com.ar\/wp2\/wp-json\/wp\/v2\/media\/984"}],"wp:attachment":[{"href":"http:\/\/franequip.com.ar\/wp2\/wp-json\/wp\/v2\/media?parent=320"}],"wp:term":[{"taxonomy":"product_brand","embeddable":true,"href":"http:\/\/franequip.com.ar\/wp2\/wp-json\/wp\/v2\/product_brand?post=320"},{"taxonomy":"product_cat","embeddable":true,"href":"http:\/\/franequip.com.ar\/wp2\/wp-json\/wp\/v2\/product_cat?post=320"},{"taxonomy":"product_tag","embeddable":true,"href":"http:\/\/franequip.com.ar\/wp2\/wp-json\/wp\/v2\/product_tag?post=320"}],"curies":[{"name":"wp","href":"https:\/\/api.w.org\/{rel}","templated":true}]}}