{"id":309,"date":"2015-07-16T19:50:13","date_gmt":"2015-07-16T19:50:13","guid":{"rendered":"http:\/\/franequip.com.ar\/wp2\/?post_type=product&#038;p=309"},"modified":"2019-06-15T00:52:07","modified_gmt":"2019-06-15T00:52:07","slug":"campana-extractor-tst-isla-lacar","status":"publish","type":"product","link":"http:\/\/franequip.com.ar\/wp2\/producto\/campana-extractor-tst-isla-lacar\/","title":{"rendered":"Campana extractor TST Isla Lacar"},"content":{"rendered":"<p>Motor interno alto rendimiento y bajo nivel sonoro.<br \/>\nIluminaci\u00f3n: Leds de alta luminosidad.<br \/>\n3 velocidades con temporizador.<br \/>\nColor: acero inoxidable esmerilado.<br \/>\nCubre ca\u00f1o extensible.<br \/>\nFiltro met\u00e1lico lavable.<br \/>\nExtracci\u00f3n: 800 m3\/h con salida libre.<br \/>\nMedidas: 900 mm.<\/p>\n","protected":false},"excerpt":{"rendered":"<p>Motor interno alto rendimiento y bajo nivel sonoro. Iluminaci\u00f3n: Leds de alta luminosidad. 3 velocidades con temporizador. Color: acero inoxidable esmerilado. Cubre ca\u00f1o extensible. Filtro met\u00e1lico lavable. Extracci\u00f3n: 800 m3\/h con salida libre. Medidas: 900 mm.<\/p>\n","protected":false},"featured_media":310,"comment_status":"open","ping_status":"closed","template":"","meta":{"_exactmetrics_skip_tracking":false,"_exactmetrics_sitenote_active":false,"_exactmetrics_sitenote_note":"","_exactmetrics_sitenote_category":0},"product_brand":[],"product_cat":[78,81],"product_tag":[79,35],"class_list":{"0":"post-309","1":"product","2":"type-product","3":"status-publish","4":"has-post-thumbnail","6":"product_cat-campana","7":"product_cat-extractores","8":"product_tag-campana","9":"product_tag-tst","10":"dc_vendor_shop-vendedor2","12":"first","13":"instock","14":"shipping-taxable","15":"product-type-simple"},"_links":{"self":[{"href":"http:\/\/franequip.com.ar\/wp2\/wp-json\/wp\/v2\/product\/309","targetHints":{"allow":["GET"]}}],"collection":[{"href":"http:\/\/franequip.com.ar\/wp2\/wp-json\/wp\/v2\/product"}],"about":[{"href":"http:\/\/franequip.com.ar\/wp2\/wp-json\/wp\/v2\/types\/product"}],"replies":[{"embeddable":true,"href":"http:\/\/franequip.com.ar\/wp2\/wp-json\/wp\/v2\/comments?post=309"}],"wp:featuredmedia":[{"embeddable":true,"href":"http:\/\/franequip.com.ar\/wp2\/wp-json\/wp\/v2\/media\/310"}],"wp:attachment":[{"href":"http:\/\/franequip.com.ar\/wp2\/wp-json\/wp\/v2\/media?parent=309"}],"wp:term":[{"taxonomy":"product_brand","embeddable":true,"href":"http:\/\/franequip.com.ar\/wp2\/wp-json\/wp\/v2\/product_brand?post=309"},{"taxonomy":"product_cat","embeddable":true,"href":"http:\/\/franequip.com.ar\/wp2\/wp-json\/wp\/v2\/product_cat?post=309"},{"taxonomy":"product_tag","embeddable":true,"href":"http:\/\/franequip.com.ar\/wp2\/wp-json\/wp\/v2\/product_tag?post=309"}],"curies":[{"name":"wp","href":"https:\/\/api.w.org\/{rel}","templated":true}]}}