{"id":306,"date":"2015-07-16T19:48:01","date_gmt":"2015-07-16T19:48:01","guid":{"rendered":"http:\/\/franequip.com.ar\/wp2\/?post_type=product&#038;p=306"},"modified":"2019-06-15T00:52:06","modified_gmt":"2019-06-15T00:52:06","slug":"campana-extractor-tst-isla-espejo","status":"publish","type":"product","link":"http:\/\/franequip.com.ar\/wp2\/producto\/campana-extractor-tst-isla-espejo\/","title":{"rendered":"Campana extractor TST Isla Espejo"},"content":{"rendered":"<p>Isla Espejo.<br \/>\nMotor interno 6\u201d alto rendimiento y bajo nivel sonoro.<br \/>\n3 velocidades con temporizador.<br \/>\nIluminaci\u00f3n: tecnolog\u00eda led.<br \/>\nAcabado: acero inoxidable esmerilado.<br \/>\nCubre ca\u00f1o extensible.<br \/>\nFiltro met\u00e1lico lavable.<br \/>\nExtracci\u00f3n: 800 m3\/h con salida libre.<br \/>\nOpcional: filtro carbono activado (sin salida al exterior).<br \/>\nMedidas: 600-900 mm.<\/p>\n","protected":false},"excerpt":{"rendered":"<p>Isla Espejo. Motor interno 6\u201d alto rendimiento y bajo nivel sonoro. 3 velocidades con temporizador. Iluminaci\u00f3n: tecnolog\u00eda led. Acabado: acero inoxidable esmerilado. Cubre ca\u00f1o extensible. Filtro met\u00e1lico lavable. Extracci\u00f3n: 800 m3\/h con salida libre. Opcional: filtro carbono activado (sin salida al exterior). Medidas: 600-900 mm.<\/p>\n","protected":false},"featured_media":307,"comment_status":"open","ping_status":"closed","template":"","meta":{"_exactmetrics_skip_tracking":false,"_exactmetrics_sitenote_active":false,"_exactmetrics_sitenote_note":"","_exactmetrics_sitenote_category":0},"product_brand":[],"product_cat":[78,81],"product_tag":[79,80,62,35],"class_list":{"0":"post-306","1":"product","2":"type-product","3":"status-publish","4":"has-post-thumbnail","6":"product_cat-campana","7":"product_cat-extractores","8":"product_tag-campana","9":"product_tag-extractor","10":"product_tag-isla","11":"product_tag-tst","12":"dc_vendor_shop-vendedor2","14":"first","15":"instock","16":"shipping-taxable","17":"product-type-simple"},"_links":{"self":[{"href":"http:\/\/franequip.com.ar\/wp2\/wp-json\/wp\/v2\/product\/306","targetHints":{"allow":["GET"]}}],"collection":[{"href":"http:\/\/franequip.com.ar\/wp2\/wp-json\/wp\/v2\/product"}],"about":[{"href":"http:\/\/franequip.com.ar\/wp2\/wp-json\/wp\/v2\/types\/product"}],"replies":[{"embeddable":true,"href":"http:\/\/franequip.com.ar\/wp2\/wp-json\/wp\/v2\/comments?post=306"}],"wp:featuredmedia":[{"embeddable":true,"href":"http:\/\/franequip.com.ar\/wp2\/wp-json\/wp\/v2\/media\/307"}],"wp:attachment":[{"href":"http:\/\/franequip.com.ar\/wp2\/wp-json\/wp\/v2\/media?parent=306"}],"wp:term":[{"taxonomy":"product_brand","embeddable":true,"href":"http:\/\/franequip.com.ar\/wp2\/wp-json\/wp\/v2\/product_brand?post=306"},{"taxonomy":"product_cat","embeddable":true,"href":"http:\/\/franequip.com.ar\/wp2\/wp-json\/wp\/v2\/product_cat?post=306"},{"taxonomy":"product_tag","embeddable":true,"href":"http:\/\/franequip.com.ar\/wp2\/wp-json\/wp\/v2\/product_tag?post=306"}],"curies":[{"name":"wp","href":"https:\/\/api.w.org\/{rel}","templated":true}]}}