{"id":303,"date":"2015-07-16T19:44:09","date_gmt":"2015-07-16T19:44:09","guid":{"rendered":"http:\/\/franequip.com.ar\/wp2\/?post_type=product&#038;p=303"},"modified":"2019-06-15T00:52:06","modified_gmt":"2019-06-15T00:52:06","slug":"campana-extractor-tst-espejo","status":"publish","type":"product","link":"http:\/\/franequip.com.ar\/wp2\/producto\/campana-extractor-tst-espejo\/","title":{"rendered":"Campana extractor TST ESPEJO"},"content":{"rendered":"<p>Motor interno 6\u201d de alto rendimiento y bajo nivel sonoro.<br \/>\n3 velocidades con temporizador.<br \/>\nIluminaci\u00f3n: tecnolog\u00eda led.<br \/>\nAcabado: acero inoxidable esmerilado.<br \/>\nCubre ca\u00f1o extensible.<br \/>\nFiltro met\u00e1lico lavable.<br \/>\nExtracci\u00f3n: 800 m3\/h con salida libre.<br \/>\nOpcional: filtro carbono activado (sin salida al exterior).<br \/>\nMedidas: 600-750-900 mm.n temporizador.<br \/>\nIluminaci\u00f3n: tecnolog\u00eda led.<br \/>\nAcabado: acero inoxidable esmerilado.<br \/>\nCubre ca\u00f1o extensible.<br \/>\nFiltro met\u00e1lico lavable.<br \/>\nExtracci\u00f3n: 800 m3\/h on salida libre.<br \/>\nOpcional: filtro carbono activado (sin salida al exterior).<\/p>\n","protected":false},"excerpt":{"rendered":"<p>Motor interno 6\u201d de alto rendimiento y bajo nivel sonoro. 3 velocidades con temporizador. Iluminaci\u00f3n: tecnolog\u00eda led. Acabado: acero inoxidable esmerilado. Cubre ca\u00f1o extensible. Filtro met\u00e1lico lavable. Extracci\u00f3n: 800 m3\/h con salida libre. Opcional: filtro carbono activado (sin salida al exterior). Medidas: 600-750-900 mm.n temporizador. Iluminaci\u00f3n: tecnolog\u00eda led. Acabado: acero inoxidable esmerilado. Cubre ca\u00f1o extensible. <a class=\"read-more\" href=\"http:\/\/franequip.com.ar\/wp2\/producto\/campana-extractor-tst-espejo\/\">Read More<\/a><\/p>\n","protected":false},"featured_media":304,"comment_status":"open","ping_status":"closed","template":"","meta":{"_exactmetrics_skip_tracking":false,"_exactmetrics_sitenote_active":false,"_exactmetrics_sitenote_note":"","_exactmetrics_sitenote_category":0},"product_brand":[],"product_cat":[141,78,81],"product_tag":[35],"class_list":{"0":"post-303","1":"product","2":"type-product","3":"status-publish","4":"has-post-thumbnail","6":"product_cat-destacados","7":"product_cat-campana","8":"product_cat-extractores","9":"product_tag-tst","10":"dc_vendor_shop-vendedor2","12":"first","13":"instock","14":"shipping-taxable","15":"product-type-simple"},"_links":{"self":[{"href":"http:\/\/franequip.com.ar\/wp2\/wp-json\/wp\/v2\/product\/303","targetHints":{"allow":["GET"]}}],"collection":[{"href":"http:\/\/franequip.com.ar\/wp2\/wp-json\/wp\/v2\/product"}],"about":[{"href":"http:\/\/franequip.com.ar\/wp2\/wp-json\/wp\/v2\/types\/product"}],"replies":[{"embeddable":true,"href":"http:\/\/franequip.com.ar\/wp2\/wp-json\/wp\/v2\/comments?post=303"}],"wp:featuredmedia":[{"embeddable":true,"href":"http:\/\/franequip.com.ar\/wp2\/wp-json\/wp\/v2\/media\/304"}],"wp:attachment":[{"href":"http:\/\/franequip.com.ar\/wp2\/wp-json\/wp\/v2\/media?parent=303"}],"wp:term":[{"taxonomy":"product_brand","embeddable":true,"href":"http:\/\/franequip.com.ar\/wp2\/wp-json\/wp\/v2\/product_brand?post=303"},{"taxonomy":"product_cat","embeddable":true,"href":"http:\/\/franequip.com.ar\/wp2\/wp-json\/wp\/v2\/product_cat?post=303"},{"taxonomy":"product_tag","embeddable":true,"href":"http:\/\/franequip.com.ar\/wp2\/wp-json\/wp\/v2\/product_tag?post=303"}],"curies":[{"name":"wp","href":"https:\/\/api.w.org\/{rel}","templated":true}]}}