{"id":299,"date":"2015-07-16T19:35:44","date_gmt":"2015-07-16T19:35:44","guid":{"rendered":"http:\/\/franequip.com.ar\/wp2\/?post_type=product&#038;p=299"},"modified":"2019-06-15T00:52:06","modified_gmt":"2019-06-15T00:52:06","slug":"campana-tst-extractor-circular-limay","status":"publish","type":"product","link":"http:\/\/franequip.com.ar\/wp2\/producto\/campana-tst-extractor-circular-limay\/","title":{"rendered":"Campana TST extractor Circular Limay"},"content":{"rendered":"<p>Motor interno 4\u201d, 1 turbina.<br \/>\nSin motor 4\u201d y 6\u201d opcional.<br \/>\nIluminaci\u00f3n: 1 x 40W.<br \/>\n1 velocidad.<br \/>\nColor: acero inoxidable esmerilado, esmaltado blanco epoxi.<br \/>\nCubre ca\u00f1o x 480 mm.<br \/>\nFiltro met\u00e1lico lavable.<br \/>\nMedidas: 600 mm.<\/p>\n","protected":false},"excerpt":{"rendered":"<p>Motor interno 4\u201d, 1 turbina. Sin motor 4\u201d y 6\u201d opcional. Iluminaci\u00f3n: 1 x 40W. 1 velocidad. Color: acero inoxidable esmerilado, esmaltado blanco epoxi. Cubre ca\u00f1o x 480 mm. Filtro met\u00e1lico lavable. Medidas: 600 mm.<\/p>\n","protected":false},"featured_media":300,"comment_status":"open","ping_status":"closed","template":"","meta":{"_exactmetrics_skip_tracking":false,"_exactmetrics_sitenote_active":false,"_exactmetrics_sitenote_note":"","_exactmetrics_sitenote_category":0},"product_brand":[],"product_cat":[78,81],"product_tag":[79,80,35],"class_list":{"0":"post-299","1":"product","2":"type-product","3":"status-publish","4":"has-post-thumbnail","6":"product_cat-campana","7":"product_cat-extractores","8":"product_tag-campana","9":"product_tag-extractor","10":"product_tag-tst","11":"dc_vendor_shop-vendedor2","13":"first","14":"instock","15":"shipping-taxable","16":"product-type-simple"},"_links":{"self":[{"href":"http:\/\/franequip.com.ar\/wp2\/wp-json\/wp\/v2\/product\/299","targetHints":{"allow":["GET"]}}],"collection":[{"href":"http:\/\/franequip.com.ar\/wp2\/wp-json\/wp\/v2\/product"}],"about":[{"href":"http:\/\/franequip.com.ar\/wp2\/wp-json\/wp\/v2\/types\/product"}],"replies":[{"embeddable":true,"href":"http:\/\/franequip.com.ar\/wp2\/wp-json\/wp\/v2\/comments?post=299"}],"wp:featuredmedia":[{"embeddable":true,"href":"http:\/\/franequip.com.ar\/wp2\/wp-json\/wp\/v2\/media\/300"}],"wp:attachment":[{"href":"http:\/\/franequip.com.ar\/wp2\/wp-json\/wp\/v2\/media?parent=299"}],"wp:term":[{"taxonomy":"product_brand","embeddable":true,"href":"http:\/\/franequip.com.ar\/wp2\/wp-json\/wp\/v2\/product_brand?post=299"},{"taxonomy":"product_cat","embeddable":true,"href":"http:\/\/franequip.com.ar\/wp2\/wp-json\/wp\/v2\/product_cat?post=299"},{"taxonomy":"product_tag","embeddable":true,"href":"http:\/\/franequip.com.ar\/wp2\/wp-json\/wp\/v2\/product_tag?post=299"}],"curies":[{"name":"wp","href":"https:\/\/api.w.org\/{rel}","templated":true}]}}