{"id":293,"date":"2015-07-16T19:19:02","date_gmt":"2015-07-16T19:19:02","guid":{"rendered":"http:\/\/franequip.com.ar\/wp2\/?post_type=product&#038;p=293"},"modified":"2019-06-15T00:52:03","modified_gmt":"2019-06-15T00:52:03","slug":"campana-chalten","status":"publish","type":"product","link":"http:\/\/franequip.com.ar\/wp2\/producto\/campana-chalten\/","title":{"rendered":"Campana Chalten"},"content":{"rendered":"<p>Motor interno alto rendimiento y bajo nivel sonoro.<br \/>\n3 velocidades con temporizador.<br \/>\nIluminaci\u00f3n:Leds de alta luminosidad<br \/>\nColor: acero inoxidable esmerilado.<br \/>\nCubre ca\u00f1o extensible.<br \/>\nFiltro met\u00e1lico lavable.<br \/>\nExtracci\u00f3n: 800 m3\/h con salida libre.<br \/>\nOpcional: filtro carbono activado.<br \/>\nMedidas: 600-900 mm.<\/p>\n","protected":false},"excerpt":{"rendered":"<p>Motor interno alto rendimiento y bajo nivel sonoro. 3 velocidades con temporizador. Iluminaci\u00f3n:Leds de alta luminosidad Color: acero inoxidable esmerilado. Cubre ca\u00f1o extensible. Filtro met\u00e1lico lavable. Extracci\u00f3n: 800 m3\/h con salida libre. Opcional: filtro carbono activado. Medidas: 600-900 mm.<\/p>\n","protected":false},"featured_media":294,"comment_status":"open","ping_status":"closed","template":"","meta":{"_exactmetrics_skip_tracking":false,"_exactmetrics_sitenote_active":false,"_exactmetrics_sitenote_note":"","_exactmetrics_sitenote_category":0},"product_brand":[],"product_cat":[78],"product_tag":[79,80],"class_list":{"0":"post-293","1":"product","2":"type-product","3":"status-publish","4":"has-post-thumbnail","6":"product_cat-campana","7":"product_tag-campana","8":"product_tag-extractor","9":"dc_vendor_shop-vendedor2","11":"first","12":"instock","13":"shipping-taxable","14":"product-type-simple"},"_links":{"self":[{"href":"http:\/\/franequip.com.ar\/wp2\/wp-json\/wp\/v2\/product\/293","targetHints":{"allow":["GET"]}}],"collection":[{"href":"http:\/\/franequip.com.ar\/wp2\/wp-json\/wp\/v2\/product"}],"about":[{"href":"http:\/\/franequip.com.ar\/wp2\/wp-json\/wp\/v2\/types\/product"}],"replies":[{"embeddable":true,"href":"http:\/\/franequip.com.ar\/wp2\/wp-json\/wp\/v2\/comments?post=293"}],"wp:featuredmedia":[{"embeddable":true,"href":"http:\/\/franequip.com.ar\/wp2\/wp-json\/wp\/v2\/media\/294"}],"wp:attachment":[{"href":"http:\/\/franequip.com.ar\/wp2\/wp-json\/wp\/v2\/media?parent=293"}],"wp:term":[{"taxonomy":"product_brand","embeddable":true,"href":"http:\/\/franequip.com.ar\/wp2\/wp-json\/wp\/v2\/product_brand?post=293"},{"taxonomy":"product_cat","embeddable":true,"href":"http:\/\/franequip.com.ar\/wp2\/wp-json\/wp\/v2\/product_cat?post=293"},{"taxonomy":"product_tag","embeddable":true,"href":"http:\/\/franequip.com.ar\/wp2\/wp-json\/wp\/v2\/product_tag?post=293"}],"curies":[{"name":"wp","href":"https:\/\/api.w.org\/{rel}","templated":true}]}}