{"id":278,"date":"2015-07-16T18:50:09","date_gmt":"2015-07-16T18:50:09","guid":{"rendered":"http:\/\/franequip.com.ar\/wp2\/?post_type=product&#038;p=278"},"modified":"2019-06-15T00:52:02","modified_gmt":"2019-06-15T00:52:02","slug":"heladera-briket-frigobar-bk1f-1010","status":"publish","type":"product","link":"http:\/\/franequip.com.ar\/wp2\/producto\/heladera-briket-frigobar-bk1f-1010\/","title":{"rendered":"HELADERA Briket FRIGOBAR BK1F 1010"},"content":{"rendered":"<p>BK1F 1010<br \/>\n1 fr\u00edos<br \/>\nCaracter\u00edsticas<br \/>\n Volumen<br \/>\n 146 lt<br \/>\n Ancho<br \/>\n 550 mm<br \/>\n Profundidad<br \/>\n 645 mm<br \/>\n Alto<br \/>\n 860 mm<br \/>\n Clasificaci\u00f3n energ\u00e9tica<br \/>\n Clase B<\/p>\n","protected":false},"excerpt":{"rendered":"<p>BK1F 1010 1 fr\u00edos Caracter\u00edsticas Volumen 146 lt Ancho 550 mm Profundidad 645 mm Alto 860 mm Clasificaci\u00f3n energ\u00e9tica Clase B<\/p>\n","protected":false},"featured_media":279,"comment_status":"open","ping_status":"closed","template":"","meta":{"_exactmetrics_skip_tracking":false,"_exactmetrics_sitenote_active":false,"_exactmetrics_sitenote_note":"","_exactmetrics_sitenote_category":0},"product_brand":[],"product_cat":[74,57],"product_tag":[54,16,75,58,49],"class_list":{"0":"post-278","1":"product","2":"type-product","3":"status-publish","4":"has-post-thumbnail","6":"product_cat-familiar","7":"product_cat-heladeras","8":"product_tag-briket","9":"product_tag-familiar","10":"product_tag-frigobar","11":"product_tag-heladera","12":"product_tag-helado","13":"dc_vendor_shop-vendedor2","15":"first","16":"instock","17":"shipping-taxable","18":"product-type-simple"},"_links":{"self":[{"href":"http:\/\/franequip.com.ar\/wp2\/wp-json\/wp\/v2\/product\/278","targetHints":{"allow":["GET"]}}],"collection":[{"href":"http:\/\/franequip.com.ar\/wp2\/wp-json\/wp\/v2\/product"}],"about":[{"href":"http:\/\/franequip.com.ar\/wp2\/wp-json\/wp\/v2\/types\/product"}],"replies":[{"embeddable":true,"href":"http:\/\/franequip.com.ar\/wp2\/wp-json\/wp\/v2\/comments?post=278"}],"wp:featuredmedia":[{"embeddable":true,"href":"http:\/\/franequip.com.ar\/wp2\/wp-json\/wp\/v2\/media\/279"}],"wp:attachment":[{"href":"http:\/\/franequip.com.ar\/wp2\/wp-json\/wp\/v2\/media?parent=278"}],"wp:term":[{"taxonomy":"product_brand","embeddable":true,"href":"http:\/\/franequip.com.ar\/wp2\/wp-json\/wp\/v2\/product_brand?post=278"},{"taxonomy":"product_cat","embeddable":true,"href":"http:\/\/franequip.com.ar\/wp2\/wp-json\/wp\/v2\/product_cat?post=278"},{"taxonomy":"product_tag","embeddable":true,"href":"http:\/\/franequip.com.ar\/wp2\/wp-json\/wp\/v2\/product_tag?post=278"}],"curies":[{"name":"wp","href":"https:\/\/api.w.org\/{rel}","templated":true}]}}