{"id":260,"date":"2015-07-16T18:34:08","date_gmt":"2015-07-16T18:34:08","guid":{"rendered":"http:\/\/franequip.com.ar\/wp2\/?post_type=product&#038;p=260"},"modified":"2019-06-15T00:52:00","modified_gmt":"2019-06-15T00:52:00","slug":"heladera-familiar-briket-250-lt","status":"publish","type":"product","link":"http:\/\/franequip.com.ar\/wp2\/producto\/heladera-familiar-briket-250-lt\/","title":{"rendered":"HELADERA FAMILIAR Briket 250 LT"},"content":{"rendered":"<p>HELADERA FAMILIAR BLANCA 250 LT<\/p>\n<p>BK2F 1310 R3<br \/>\n4 fr\u00edos<br \/>\nCaracter\u00edsticas<br \/>\n Volumen<br \/>\n 250 lt<br \/>\n Ancho<br \/>\n 550 mm<br \/>\n Profundidad<br \/>\n 645 mm<br \/>\n Alto<br \/>\n 1495 mm<br \/>\n Clasificaci\u00f3n energ\u00e9tica<br \/>\n Clase B<\/p>\n","protected":false},"excerpt":{"rendered":"<p>HELADERA FAMILIAR BLANCA 250 LT BK2F 1310 R3 4 fr\u00edos Caracter\u00edsticas Volumen 250 lt Ancho 550 mm Profundidad 645 mm Alto 1495 mm Clasificaci\u00f3n energ\u00e9tica Clase B<\/p>\n","protected":false},"featured_media":261,"comment_status":"open","ping_status":"closed","template":"","meta":{"_exactmetrics_skip_tracking":false,"_exactmetrics_sitenote_active":false,"_exactmetrics_sitenote_note":"","_exactmetrics_sitenote_category":0},"product_brand":[],"product_cat":[74,57],"product_tag":[54,16,50,58],"class_list":{"0":"post-260","1":"product","2":"type-product","3":"status-publish","4":"has-post-thumbnail","6":"product_cat-familiar","7":"product_cat-heladeras","8":"product_tag-briket","9":"product_tag-familiar","10":"product_tag-frio","11":"product_tag-heladera","12":"dc_vendor_shop-vendedor2","14":"first","15":"instock","16":"shipping-taxable","17":"product-type-simple"},"_links":{"self":[{"href":"http:\/\/franequip.com.ar\/wp2\/wp-json\/wp\/v2\/product\/260","targetHints":{"allow":["GET"]}}],"collection":[{"href":"http:\/\/franequip.com.ar\/wp2\/wp-json\/wp\/v2\/product"}],"about":[{"href":"http:\/\/franequip.com.ar\/wp2\/wp-json\/wp\/v2\/types\/product"}],"replies":[{"embeddable":true,"href":"http:\/\/franequip.com.ar\/wp2\/wp-json\/wp\/v2\/comments?post=260"}],"wp:featuredmedia":[{"embeddable":true,"href":"http:\/\/franequip.com.ar\/wp2\/wp-json\/wp\/v2\/media\/261"}],"wp:attachment":[{"href":"http:\/\/franequip.com.ar\/wp2\/wp-json\/wp\/v2\/media?parent=260"}],"wp:term":[{"taxonomy":"product_brand","embeddable":true,"href":"http:\/\/franequip.com.ar\/wp2\/wp-json\/wp\/v2\/product_brand?post=260"},{"taxonomy":"product_cat","embeddable":true,"href":"http:\/\/franequip.com.ar\/wp2\/wp-json\/wp\/v2\/product_cat?post=260"},{"taxonomy":"product_tag","embeddable":true,"href":"http:\/\/franequip.com.ar\/wp2\/wp-json\/wp\/v2\/product_tag?post=260"}],"curies":[{"name":"wp","href":"https:\/\/api.w.org\/{rel}","templated":true}]}}