{"id":207,"date":"2015-07-16T16:04:31","date_gmt":"2015-07-16T16:04:31","guid":{"rendered":"http:\/\/franequip.com.ar\/wp2\/?post_type=product&#038;p=207"},"modified":"2019-06-15T00:51:49","modified_gmt":"2019-06-15T00:51:49","slug":"freezer-silken-fh-140","status":"publish","type":"product","link":"http:\/\/franequip.com.ar\/wp2\/producto\/freezer-silken-fh-140\/","title":{"rendered":"FREEZER SILKEN FH 140"},"content":{"rendered":"<p>&#8211; Gabinete exterior construido en chapa blanca prepintada con film protector.<\/p>\n<p>&#8211; Gas Ecol\u00f3gico.<\/p>\n<p>&#8211; Gabinete interior met\u00e1lico.<\/p>\n<p>&#8211; Condesaci\u00f3n est\u00e1tica.<\/p>\n<p>&#8211; Tap\u00f3n para desagote.<\/p>\n<p>&#8211; Rodillos para desplazamiento.<\/p>\n<p>&#8211; Bisagras con resortes reforzadas.<\/p>\n<p>&#8211; Canastos interiores met\u00e1licos con pintura epoxi.<\/p>\n<p>&#8211; Termostato Dual.<\/p>\n<p>&#8211; Desagote.<\/p>\n<p>&#8211; Temperatura de trabajo: +8 \/ -22*C.<\/p>\n<p>Opcional: chapa interior y exterior en acero inoxidable.<\/p>\n<p>Capacidad: 140 Litros<\/p>\n<p>Tensi\u00f3n: 220\/240 V \/ 50 Hz<\/p>\n<p>Motocompresor: 1\/5 HP<\/p>\n<p>Peso: 36 Kg<\/p>\n<p>Medidas: 585x900x640mm<\/p>\n<p>Canastos: 1<\/p>\n<p>Refrigerante: R 134 a<\/p>\n","protected":false},"excerpt":{"rendered":"<p>&#8211; Gabinete exterior construido en chapa blanca prepintada con film protector. &#8211; Gas Ecol\u00f3gico. &#8211; Gabinete interior met\u00e1lico. &#8211; Condesaci\u00f3n est\u00e1tica. &#8211; Tap\u00f3n para desagote. &#8211; Rodillos para desplazamiento. &#8211; Bisagras con resortes reforzadas. &#8211; Canastos interiores met\u00e1licos con pintura epoxi. &#8211; Termostato Dual. &#8211; Desagote. &#8211; Temperatura de trabajo: +8 \/ -22*C. Opcional: chapa <a class=\"read-more\" href=\"http:\/\/franequip.com.ar\/wp2\/producto\/freezer-silken-fh-140\/\">Read More<\/a><\/p>\n","protected":false},"featured_media":208,"comment_status":"open","ping_status":"closed","template":"","meta":{"_exactmetrics_skip_tracking":false,"_exactmetrics_sitenote_active":false,"_exactmetrics_sitenote_note":"","_exactmetrics_sitenote_category":0},"product_brand":[],"product_cat":[53],"product_tag":[55,50,48],"class_list":{"0":"post-207","1":"product","2":"type-product","3":"status-publish","4":"has-post-thumbnail","6":"product_cat-freezers","7":"product_tag-freezer","8":"product_tag-frio","9":"product_tag-silken","10":"dc_vendor_shop-vendedor2","12":"first","13":"instock","14":"shipping-taxable","15":"product-type-simple"},"_links":{"self":[{"href":"http:\/\/franequip.com.ar\/wp2\/wp-json\/wp\/v2\/product\/207","targetHints":{"allow":["GET"]}}],"collection":[{"href":"http:\/\/franequip.com.ar\/wp2\/wp-json\/wp\/v2\/product"}],"about":[{"href":"http:\/\/franequip.com.ar\/wp2\/wp-json\/wp\/v2\/types\/product"}],"replies":[{"embeddable":true,"href":"http:\/\/franequip.com.ar\/wp2\/wp-json\/wp\/v2\/comments?post=207"}],"wp:featuredmedia":[{"embeddable":true,"href":"http:\/\/franequip.com.ar\/wp2\/wp-json\/wp\/v2\/media\/208"}],"wp:attachment":[{"href":"http:\/\/franequip.com.ar\/wp2\/wp-json\/wp\/v2\/media?parent=207"}],"wp:term":[{"taxonomy":"product_brand","embeddable":true,"href":"http:\/\/franequip.com.ar\/wp2\/wp-json\/wp\/v2\/product_brand?post=207"},{"taxonomy":"product_cat","embeddable":true,"href":"http:\/\/franequip.com.ar\/wp2\/wp-json\/wp\/v2\/product_cat?post=207"},{"taxonomy":"product_tag","embeddable":true,"href":"http:\/\/franequip.com.ar\/wp2\/wp-json\/wp\/v2\/product_tag?post=207"}],"curies":[{"name":"wp","href":"https:\/\/api.w.org\/{rel}","templated":true}]}}