{"id":199,"date":"2015-07-16T15:49:42","date_gmt":"2015-07-16T15:49:42","guid":{"rendered":"http:\/\/franequip.com.ar\/wp2\/?post_type=product&#038;p=199"},"modified":"2019-06-15T00:51:48","modified_gmt":"2019-06-15T00:51:48","slug":"freezer-briket-2500","status":"publish","type":"product","link":"http:\/\/franequip.com.ar\/wp2\/producto\/freezer-briket-2500\/","title":{"rendered":"FREEZER BRIKET 2500"},"content":{"rendered":"<p>FREEZER BRIKET 2500<br \/>\nFR 2500<br \/>\n4 fr\u00edos<br \/>\nCaracter\u00edsticas<br \/>\n Volumen<br \/>\n 224 lt<br \/>\n Ancho<br \/>\n 945 mm<br \/>\n Profundidad<br \/>\n 660 mm<br \/>\n Alto<br \/>\n 895 mm<br \/>\n Clasificaci\u00f3n energ\u00e9tica<br \/>\n Clase B<\/p>\n","protected":false},"excerpt":{"rendered":"<p>FREEZER BRIKET 2500 FR 2500 4 fr\u00edos Caracter\u00edsticas Volumen 224 lt Ancho 945 mm Profundidad 660 mm Alto 895 mm Clasificaci\u00f3n energ\u00e9tica Clase B<\/p>\n","protected":false},"featured_media":200,"comment_status":"open","ping_status":"closed","template":"","meta":{"_exactmetrics_skip_tracking":false,"_exactmetrics_sitenote_active":false,"_exactmetrics_sitenote_note":"","_exactmetrics_sitenote_category":0},"product_brand":[],"product_cat":[53],"product_tag":[54,55,50],"class_list":{"0":"post-199","1":"product","2":"type-product","3":"status-publish","4":"has-post-thumbnail","6":"product_cat-freezers","7":"product_tag-briket","8":"product_tag-freezer","9":"product_tag-frio","10":"dc_vendor_shop-vendedor2","12":"first","13":"instock","14":"shipping-taxable","15":"product-type-simple"},"_links":{"self":[{"href":"http:\/\/franequip.com.ar\/wp2\/wp-json\/wp\/v2\/product\/199","targetHints":{"allow":["GET"]}}],"collection":[{"href":"http:\/\/franequip.com.ar\/wp2\/wp-json\/wp\/v2\/product"}],"about":[{"href":"http:\/\/franequip.com.ar\/wp2\/wp-json\/wp\/v2\/types\/product"}],"replies":[{"embeddable":true,"href":"http:\/\/franequip.com.ar\/wp2\/wp-json\/wp\/v2\/comments?post=199"}],"wp:featuredmedia":[{"embeddable":true,"href":"http:\/\/franequip.com.ar\/wp2\/wp-json\/wp\/v2\/media\/200"}],"wp:attachment":[{"href":"http:\/\/franequip.com.ar\/wp2\/wp-json\/wp\/v2\/media?parent=199"}],"wp:term":[{"taxonomy":"product_brand","embeddable":true,"href":"http:\/\/franequip.com.ar\/wp2\/wp-json\/wp\/v2\/product_brand?post=199"},{"taxonomy":"product_cat","embeddable":true,"href":"http:\/\/franequip.com.ar\/wp2\/wp-json\/wp\/v2\/product_cat?post=199"},{"taxonomy":"product_tag","embeddable":true,"href":"http:\/\/franequip.com.ar\/wp2\/wp-json\/wp\/v2\/product_tag?post=199"}],"curies":[{"name":"wp","href":"https:\/\/api.w.org\/{rel}","templated":true}]}}