{"id":194,"date":"2015-07-16T15:40:11","date_gmt":"2015-07-16T15:40:11","guid":{"rendered":"http:\/\/franequip.com.ar\/wp2\/?post_type=product&#038;p=194"},"modified":"2019-06-15T00:51:48","modified_gmt":"2019-06-15T00:51:48","slug":"exhibidor-plano-inclinado-silken-pi-240320550","status":"publish","type":"product","link":"http:\/\/franequip.com.ar\/wp2\/producto\/exhibidor-plano-inclinado-silken-pi-240320550\/","title":{"rendered":"Exhibidor plano inclinado Silken PI 240\/320\/550"},"content":{"rendered":"<p>&#8211; Gabinete exterior constru\u00eddo en chapa blanca prepintada con film protector.<\/p>\n<p>&#8211; Gabinete interior met\u00e1lico.<\/p>\n<p>&#8211; Condensaci\u00f3n forzada.<\/p>\n<p>&#8211; Tapa de vidrio curvo deslizable de baja emisividad.<\/p>\n<p>&#8211; Ruedas giratorias dobles.<\/p>\n<p>&#8211; Desagote.<\/p>\n<p>&#8211; Canastos met\u00e1licos con separador.<\/p>\n<p>&#8211; Gas ecol\u00f3gico.<\/p>\n<p>&#8211; Temperatura de trabajo -18 \/ -22*C.<\/p>\n<p>PI 240:<\/p>\n<p>Capacidad: 240 Litros<\/p>\n<p>Tensi\u00f3n: 220\/240 V \/ 50 Hz<\/p>\n<p>Motocompresor: 1\/4 HP<\/p>\n<p>Peso: 56 Kg<\/p>\n<p>Medidas: 890x890x670mm<\/p>\n<p>Canastos: 2<\/p>\n<p>Refrigerante: R 134 a<\/p>\n<p>PI 320:<\/p>\n<p>Capacidad: 240 Litros<\/p>\n<p>Tensi\u00f3n: 220\/240 V \/ 50 Hz<\/p>\n<p>Motocompresor: 1\/4 HP<\/p>\n<p>Peso: 56 Kg<\/p>\n<p>Medidas: 1112x890x670mm<\/p>\n<p>Canastos: 2<\/p>\n<p>Refrigerante: R 134 a<\/p>\n<p>PI 550:<\/p>\n<p>Capacidad: 550 Litros<\/p>\n<p>Tensi\u00f3n: 220\/240 V \/ 50 Hz<\/p>\n<p>Motocompresor: 1\/3 HP<\/p>\n<p>Peso: 63 Kg<\/p>\n<p>Medidas: 1500x890x670mm<\/p>\n<p>Canastos: 2<\/p>\n<p>Refrigerante: R 134 a<\/p>\n","protected":false},"excerpt":{"rendered":"<p>&#8211; Gabinete exterior constru\u00eddo en chapa blanca prepintada con film protector. &#8211; Gabinete interior met\u00e1lico. &#8211; Condensaci\u00f3n forzada. &#8211; Tapa de vidrio curvo deslizable de baja emisividad. &#8211; Ruedas giratorias dobles. &#8211; Desagote. &#8211; Canastos met\u00e1licos con separador. &#8211; Gas ecol\u00f3gico. &#8211; Temperatura de trabajo -18 \/ -22*C. PI 240: Capacidad: 240 Litros Tensi\u00f3n: 220\/240 <a class=\"read-more\" href=\"http:\/\/franequip.com.ar\/wp2\/producto\/exhibidor-plano-inclinado-silken-pi-240320550\/\">Read More<\/a><\/p>\n","protected":false},"featured_media":195,"comment_status":"open","ping_status":"closed","template":"","meta":{"_exactmetrics_skip_tracking":false,"_exactmetrics_sitenote_active":false,"_exactmetrics_sitenote_note":"","_exactmetrics_sitenote_category":0},"product_brand":[],"product_cat":[46],"product_tag":[47,52,50,49,48],"class_list":{"0":"post-194","1":"product","2":"type-product","3":"status-publish","4":"has-post-thumbnail","6":"product_cat-conservadoras","7":"product_tag-conservadora","8":"product_tag-exhibidor","9":"product_tag-frio","10":"product_tag-helado","11":"product_tag-silken","12":"dc_vendor_shop-vendedor2","14":"first","15":"instock","16":"shipping-taxable","17":"product-type-simple"},"_links":{"self":[{"href":"http:\/\/franequip.com.ar\/wp2\/wp-json\/wp\/v2\/product\/194","targetHints":{"allow":["GET"]}}],"collection":[{"href":"http:\/\/franequip.com.ar\/wp2\/wp-json\/wp\/v2\/product"}],"about":[{"href":"http:\/\/franequip.com.ar\/wp2\/wp-json\/wp\/v2\/types\/product"}],"replies":[{"embeddable":true,"href":"http:\/\/franequip.com.ar\/wp2\/wp-json\/wp\/v2\/comments?post=194"}],"wp:featuredmedia":[{"embeddable":true,"href":"http:\/\/franequip.com.ar\/wp2\/wp-json\/wp\/v2\/media\/195"}],"wp:attachment":[{"href":"http:\/\/franequip.com.ar\/wp2\/wp-json\/wp\/v2\/media?parent=194"}],"wp:term":[{"taxonomy":"product_brand","embeddable":true,"href":"http:\/\/franequip.com.ar\/wp2\/wp-json\/wp\/v2\/product_brand?post=194"},{"taxonomy":"product_cat","embeddable":true,"href":"http:\/\/franequip.com.ar\/wp2\/wp-json\/wp\/v2\/product_cat?post=194"},{"taxonomy":"product_tag","embeddable":true,"href":"http:\/\/franequip.com.ar\/wp2\/wp-json\/wp\/v2\/product_tag?post=194"}],"curies":[{"name":"wp","href":"https:\/\/api.w.org\/{rel}","templated":true}]}}