{"id":18,"date":"2015-07-15T16:22:01","date_gmt":"2015-07-15T16:22:01","guid":{"rendered":"http:\/\/franequip.com.ar\/wp2\/?post_type=product&#038;p=18"},"modified":"2019-07-12T15:53:00","modified_gmt":"2019-07-12T15:53:00","slug":"balanza-kretz-aura","status":"publish","type":"product","link":"http:\/\/franequip.com.ar\/wp2\/producto\/balanza-kretz-aura\/","title":{"rendered":"Balanza Aura Eco con impresor  Kretz"},"content":{"rendered":"","protected":false},"excerpt":{"rendered":"<h1 class=\"product_title entry-title\"><\/h1>\n<div>\n<h1 class=\"title border\">Balanza Aura Eco Con Impresor Ticket Kretz<\/h1>\n<header>\n<h1 class=\"tit\">BALANZA AURA ECO<\/h1>\n<\/header>\n<p class=\"desc\">\u00danica Balanza de uso comercial con impresor y bater\u00eda incorporada. El impresor sigue funcionando a\u00fan bajo prolongados cortes de energ\u00eda el\u00e9ctrica. Ideal para uso en cualquier tipo de negocio que busque sumar una impresi\u00f3n de un comprobante a la operaci\u00f3n<\/p>\n<div class=\"plugins\">\n<div class=\"clearfix\"><\/div>\n<\/div>\n<div class=\"contenido\">\n<p>CAPACIDAD:<\/p>\n<ul>\n<li>Multirango: (0 a 15kg x 5g) y (15 a 30kg x 10g).<\/li>\n<\/ul>\n<p>CARACTER\u00cdSTICAS:<\/p>\n<ul>\n<li>Funciones: Contadora, Verificadora, Pre-empaque.<\/li>\n<li>Calculo de vuelto.<\/li>\n<li>Copia y tal\u00f3n ticket.<\/li>\n<li>Acepta 3 Vendedores simult\u00e1neos.<\/li>\n<li>Bater\u00eda con 100hs de autonom\u00eda.<\/li>\n<li>Impresor t\u00e9rmico de tickets<\/li>\n<\/ul>\n<p>CARACTERISTICAS GENERALES<br \/>\n\u2022 Im p r e s o r t \u00e9r m ic o in c o rp o r a d o<br \/>\n\u2022 Im p r e s i\u00f3n d e p a p e l t \u00e9r m ic o c o n t in u o<br \/>\n\u2022 A lf a n u m \u00e9r ic a<br \/>\n\u2022 R e p o r t e s d e v e n t a s<br \/>\n\u2022 Co m u n ic a c i\u00f3n s e r ia l<br \/>\n\u2022 3 v e n d e d o r e s s im u lt \u00e1n e o s<br \/>\n\u2022 8 0 0 P L U<br \/>\n\u2022 F u n c i\u00f3n P r e -e m p a q u e<br \/>\n\u2022 P r e c io m o m e n t \u00e1n e o<br \/>\n\u2022 Im p r e s i\u00f3n d e t ic k e t , c o p ia d e t ic k e t o t a l\u00f3n t ic k e t<br \/>\n\u2022 S u m a d e a r t \u00edc u lo s p e s a b le s y n o p e s a b le s<br \/>\n\u2022 A u t o n o m \u00eda d e b a t e r \u00eda : 1 0 0 h s ( s e g \u00fan u s o )<br \/>\n\u2022 F u n c i\u00f3n c o n t a d o r a<br \/>\n\u2022 F u n c i\u00f3n v e r if ic a d o r a<br \/>\n\u2022 G e s t i\u00f3n p o r s o f t w a r e iTe g r a<br \/>\nCARACTERISTICAS TECNICAS<br \/>\n\u2022 M o d e lo A U I B 3 0 P<br \/>\n\u2022 G a b in e t e A B S d e a lt a r e s is t e n c ia<br \/>\n\u2022 D im e n s io n e s : 3 8 0 m m x 3 9 3 m m x 4 0 5 m m<br \/>\n\u2022 P e s o : 4 .7 k g<br \/>\n\u2022 Ca p a c id a d : 0 k g a 1 5 k g x 5 g y d e 1 5 k g a 3 0 k g x 1 0 g<br \/>\n\u2022 Ta r a : &#8211; 9 .9 k g<br \/>\n\u2022 F u e n t e d e a lim e n t a c i\u00f3n : E x t e r n a<br \/>\nE n t r a d a : 1 1 0 -2 4 0 V c a<br \/>\nS a lid a : 1 5 V c c 7 0 0 m A<br \/>\n\u2022 B a t e r \u00eda : 6 V c c \/4 A h<br \/>\n\u2022 D is p la y : L CD r e t r o ilu m in a d o<br \/>\n\u2022 Te c la d o : 2 1 t e c la s a p r u e b a d e l\u00edq u id o<br \/>\n\u2022 A n c h o d e im p r e s i\u00f3n : 5 6 m m<br \/>\n\u2022 V e lo c id a d d e im p r e s i\u00f3n : 3 0 m m \/s e g<br \/>\n\u2022 V id a \u00fat il d e l c a b e z a l t \u00e9r m ic o : 5 0 k m<br \/>\n\u2022 B a n d e ja d e a c e r o in o x id a b le d e 2 5 0 m m x 3 9 5 m m<br \/>\n\u2022 Co n e x i\u00f3n : R S 2 3 2<br \/>\n\u2022 T\u00b0 d e o p e r a c i\u00f3n : 5 \u00b0C a 4 0 \u00b0C<br \/>\n\u2022 P o t e n c ia : 2 0 W<\/p>\n<\/div>\n<\/div>\n<div class=\"product_meta\"><\/div>\n","protected":false},"featured_media":1580,"comment_status":"open","ping_status":"closed","template":"","meta":{"_exactmetrics_skip_tracking":false,"_exactmetrics_sitenote_active":false,"_exactmetrics_sitenote_note":"","_exactmetrics_sitenote_category":0},"product_brand":[],"product_cat":[6],"product_tag":[8,11],"class_list":{"0":"post-18","1":"product","2":"type-product","3":"status-publish","4":"has-post-thumbnail","6":"product_cat-balanzas","7":"product_tag-balanza","8":"product_tag-kretz","9":"dc_vendor_shop-vendedor2","11":"first","12":"instock","13":"shipping-taxable","14":"product-type-simple"},"_links":{"self":[{"href":"http:\/\/franequip.com.ar\/wp2\/wp-json\/wp\/v2\/product\/18","targetHints":{"allow":["GET"]}}],"collection":[{"href":"http:\/\/franequip.com.ar\/wp2\/wp-json\/wp\/v2\/product"}],"about":[{"href":"http:\/\/franequip.com.ar\/wp2\/wp-json\/wp\/v2\/types\/product"}],"replies":[{"embeddable":true,"href":"http:\/\/franequip.com.ar\/wp2\/wp-json\/wp\/v2\/comments?post=18"}],"wp:featuredmedia":[{"embeddable":true,"href":"http:\/\/franequip.com.ar\/wp2\/wp-json\/wp\/v2\/media\/1580"}],"wp:attachment":[{"href":"http:\/\/franequip.com.ar\/wp2\/wp-json\/wp\/v2\/media?parent=18"}],"wp:term":[{"taxonomy":"product_brand","embeddable":true,"href":"http:\/\/franequip.com.ar\/wp2\/wp-json\/wp\/v2\/product_brand?post=18"},{"taxonomy":"product_cat","embeddable":true,"href":"http:\/\/franequip.com.ar\/wp2\/wp-json\/wp\/v2\/product_cat?post=18"},{"taxonomy":"product_tag","embeddable":true,"href":"http:\/\/franequip.com.ar\/wp2\/wp-json\/wp\/v2\/product_tag?post=18"}],"curies":[{"name":"wp","href":"https:\/\/api.w.org\/{rel}","templated":true}]}}