{"id":177,"date":"2015-07-16T01:05:24","date_gmt":"2015-07-16T01:05:24","guid":{"rendered":"http:\/\/franequip.com.ar\/wp2\/?post_type=product&#038;p=177"},"modified":"2019-06-15T00:51:44","modified_gmt":"2019-06-15T00:51:44","slug":"conservadora-de-helado-silken-modelo-c12-tc","status":"publish","type":"product","link":"http:\/\/franequip.com.ar\/wp2\/producto\/conservadora-de-helado-silken-modelo-c12-tc\/","title":{"rendered":"Conservadora de helado Silken MODELO C12 TC"},"content":{"rendered":"<p>Conservadora de helado Silken MODELO C12 TC<\/p>\n<p>&#8211; Gabinete exterior constru\u00eddo en chapa blanca prepintada con film protector.<\/p>\n<p>&#8211; Gabinete interior galvanizado.<\/p>\n<p>&#8211; Condensaci\u00f3n forzada.<\/p>\n<p>&#8211; Tapa de chapa blanca prepintada corrediza.<\/p>\n<p>&#8211; Desagote.<\/p>\n<p>&#8211; Gas ecol\u00f3gico.<\/p>\n<p>&#8211; Temperatura de trabajo: -18 \/ -22*C.<\/p>\n<p>&nbsp;<\/p>\n<p>Capacidad: 12 Baldes<\/p>\n<p>Tensi\u00f3n: 220\/240 V \/ 50 Hz<\/p>\n<p>Motocompresor: 1\/4 HP<\/p>\n<p>Peso: 44 Kg<\/p>\n<p>Medidas: 880x1000x580mm<\/p>\n<p>Refrigerante: R 134 a<\/p>\n","protected":false},"excerpt":{"rendered":"<p>Conservadora de helado Silken MODELO C12 TC &#8211; Gabinete exterior constru\u00eddo en chapa blanca prepintada con film protector. &#8211; Gabinete interior galvanizado. &#8211; Condensaci\u00f3n forzada. &#8211; Tapa de chapa blanca prepintada corrediza. &#8211; Desagote. &#8211; Gas ecol\u00f3gico. &#8211; Temperatura de trabajo: -18 \/ -22*C. &nbsp; Capacidad: 12 Baldes Tensi\u00f3n: 220\/240 V \/ 50 Hz Motocompresor: <a class=\"read-more\" href=\"http:\/\/franequip.com.ar\/wp2\/producto\/conservadora-de-helado-silken-modelo-c12-tc\/\">Read More<\/a><\/p>\n","protected":false},"featured_media":178,"comment_status":"open","ping_status":"closed","template":"","meta":{"_exactmetrics_skip_tracking":false,"_exactmetrics_sitenote_active":false,"_exactmetrics_sitenote_note":"","_exactmetrics_sitenote_category":0},"product_brand":[],"product_cat":[46],"product_tag":[47,48],"class_list":{"0":"post-177","1":"product","2":"type-product","3":"status-publish","4":"has-post-thumbnail","6":"product_cat-conservadoras","7":"product_tag-conservadora","8":"product_tag-silken","9":"dc_vendor_shop-vendedor2","11":"first","12":"instock","13":"shipping-taxable","14":"product-type-simple"},"_links":{"self":[{"href":"http:\/\/franequip.com.ar\/wp2\/wp-json\/wp\/v2\/product\/177","targetHints":{"allow":["GET"]}}],"collection":[{"href":"http:\/\/franequip.com.ar\/wp2\/wp-json\/wp\/v2\/product"}],"about":[{"href":"http:\/\/franequip.com.ar\/wp2\/wp-json\/wp\/v2\/types\/product"}],"replies":[{"embeddable":true,"href":"http:\/\/franequip.com.ar\/wp2\/wp-json\/wp\/v2\/comments?post=177"}],"wp:featuredmedia":[{"embeddable":true,"href":"http:\/\/franequip.com.ar\/wp2\/wp-json\/wp\/v2\/media\/178"}],"wp:attachment":[{"href":"http:\/\/franequip.com.ar\/wp2\/wp-json\/wp\/v2\/media?parent=177"}],"wp:term":[{"taxonomy":"product_brand","embeddable":true,"href":"http:\/\/franequip.com.ar\/wp2\/wp-json\/wp\/v2\/product_brand?post=177"},{"taxonomy":"product_cat","embeddable":true,"href":"http:\/\/franequip.com.ar\/wp2\/wp-json\/wp\/v2\/product_cat?post=177"},{"taxonomy":"product_tag","embeddable":true,"href":"http:\/\/franequip.com.ar\/wp2\/wp-json\/wp\/v2\/product_tag?post=177"}],"curies":[{"name":"wp","href":"https:\/\/api.w.org\/{rel}","templated":true}]}}