{"id":147,"date":"2015-07-15T21:52:16","date_gmt":"2015-07-15T21:52:16","guid":{"rendered":"http:\/\/franequip.com.ar\/wp2\/?post_type=product&#038;p=147"},"modified":"2019-06-15T00:51:40","modified_gmt":"2019-06-15T00:51:40","slug":"horno-tst-electrico-empotrable-familiar-ruphay-viii","status":"publish","type":"product","link":"http:\/\/franequip.com.ar\/wp2\/producto\/horno-tst-electrico-empotrable-familiar-ruphay-viii\/","title":{"rendered":"HORNO Tst ELECTRICO EMPOTRABLE FAMILIAR Ruphay VIII"},"content":{"rendered":"<p>HORNO Tst ELECTRICO EMPOTRABLE FAMILIAR<\/p>\n<p>HORNO ELECTRICO EMPOTRABLE TST FAMILIAR<br \/>\nRuphay VIII.<br \/>\nHorno El\u00e9ctrico Empotrable.<br \/>\n&#8211;<br \/>\n8 programas.<br \/>\nPanel retroiluminado.<br \/>\nM\u00e1scaras verticales acero inoxidable mate.<br \/>\nSistema limpieza cont\u00ednua.<br \/>\nSpiedo el\u00e9ctrico y grill.<br \/>\nConvector \/ Multifunci\u00f3n.<br \/>\nVentilaci\u00f3n tangencial.<br \/>\nDisplay luminoso.<br \/>\nCorte de cocci\u00f3n.<br \/>\nCapacidad: 60 lts.<br \/>\nAutolimpiante.<br \/>\nGu\u00edas de estantes desmontables.<br \/>\nTriple vidrio en puerta.<br \/>\nTriple aislaci\u00f3n termica.<br \/>\nTurbo convector.<br \/>\nTimer con corte de cocci\u00f3n.<br \/>\nIndicador de funcionamiento.<br \/>\nColor vidrio puerta de horno: Negro.<br \/>\nM\u00e1scara de acero inoxidable.<br \/>\nColor: Acero.<br \/>\n&#8211;<br \/>\nMedidas de encastre.<br \/>\nAncho: 56,00 cm.<br \/>\nAlto: 57,00c m.<br \/>\nProfundidad: 56,00 cm. <\/p>\n","protected":false},"excerpt":{"rendered":"<p>HORNO Tst ELECTRICO EMPOTRABLE FAMILIAR HORNO ELECTRICO EMPOTRABLE TST FAMILIAR Ruphay VIII. Horno El\u00e9ctrico Empotrable. &#8211; 8 programas. Panel retroiluminado. M\u00e1scaras verticales acero inoxidable mate. Sistema limpieza cont\u00ednua. Spiedo el\u00e9ctrico y grill. Convector \/ Multifunci\u00f3n. Ventilaci\u00f3n tangencial. Display luminoso. Corte de cocci\u00f3n. Capacidad: 60 lts. Autolimpiante. Gu\u00edas de estantes desmontables. Triple vidrio en puerta. Triple <a class=\"read-more\" href=\"http:\/\/franequip.com.ar\/wp2\/producto\/horno-tst-electrico-empotrable-familiar-ruphay-viii\/\">Read More<\/a><\/p>\n","protected":false},"featured_media":148,"comment_status":"open","ping_status":"closed","template":"","meta":{"_exactmetrics_skip_tracking":false,"_exactmetrics_sitenote_active":false,"_exactmetrics_sitenote_note":"","_exactmetrics_sitenote_category":0},"product_brand":[],"product_cat":[20],"product_tag":[34,21,35],"class_list":{"0":"post-147","1":"product","2":"type-product","3":"status-publish","4":"has-post-thumbnail","6":"product_cat-hornos","7":"product_tag-empotrable","8":"product_tag-horno","9":"product_tag-tst","10":"dc_vendor_shop-vendedor2","12":"first","13":"instock","14":"shipping-taxable","15":"product-type-simple"},"_links":{"self":[{"href":"http:\/\/franequip.com.ar\/wp2\/wp-json\/wp\/v2\/product\/147","targetHints":{"allow":["GET"]}}],"collection":[{"href":"http:\/\/franequip.com.ar\/wp2\/wp-json\/wp\/v2\/product"}],"about":[{"href":"http:\/\/franequip.com.ar\/wp2\/wp-json\/wp\/v2\/types\/product"}],"replies":[{"embeddable":true,"href":"http:\/\/franequip.com.ar\/wp2\/wp-json\/wp\/v2\/comments?post=147"}],"wp:featuredmedia":[{"embeddable":true,"href":"http:\/\/franequip.com.ar\/wp2\/wp-json\/wp\/v2\/media\/148"}],"wp:attachment":[{"href":"http:\/\/franequip.com.ar\/wp2\/wp-json\/wp\/v2\/media?parent=147"}],"wp:term":[{"taxonomy":"product_brand","embeddable":true,"href":"http:\/\/franequip.com.ar\/wp2\/wp-json\/wp\/v2\/product_brand?post=147"},{"taxonomy":"product_cat","embeddable":true,"href":"http:\/\/franequip.com.ar\/wp2\/wp-json\/wp\/v2\/product_cat?post=147"},{"taxonomy":"product_tag","embeddable":true,"href":"http:\/\/franequip.com.ar\/wp2\/wp-json\/wp\/v2\/product_tag?post=147"}],"curies":[{"name":"wp","href":"https:\/\/api.w.org\/{rel}","templated":true}]}}