{"id":108,"date":"2015-07-15T20:43:33","date_gmt":"2015-07-15T20:43:33","guid":{"rendered":"http:\/\/franequip.com.ar\/wp2\/?post_type=product&#038;p=108"},"modified":"2019-07-04T16:43:39","modified_gmt":"2019-07-04T16:43:39","slug":"anafe-brafh-1045-4-hornallas-y-plancha","status":"publish","type":"product","link":"http:\/\/franequip.com.ar\/wp2\/producto\/anafe-brafh-1045-4-hornallas-y-plancha\/","title":{"rendered":"ANAFE Brafh 1045 4 HORNALLAS Y PLANCHA"},"content":{"rendered":"","protected":false},"excerpt":{"rendered":"<p>ANAFE Brafh 1045 4 HORNALLAS Y PLANCHA<\/p>\n<p>\u00bb CARACTER\u00cdSTICAS:<\/p>\n<p>\u00bb Realizada en acero inoxidable de primera calidad<\/p>\n<p>\u00bb Bandejas antiderrame desmontables para facilitar su limpieza<\/p>\n<p>\u00bb Rejas de hierro en fundici\u00f3n gris<\/p>\n<p>\u00bb Frente embutido para proteger de golpes las perillas<\/p>\n<p>\u00bb Base construida en ca\u00f1o estructural 40&#215;40 revestido en pintura epoxi o en acero inoxidable con estante inferior opcional<\/p>\n<p>\u00bb La configuraci\u00f3n del plano de cocci\u00f3n queda determinada por la combinaci\u00f3n de mecheros, planchas, parrillas y ba\u00f1o Mar\u00eda, de acuerdo al requerimiento de cada cliente.<\/p>\n<p>\u00bb Dimensi\u00f3n: 1045X795X900mm<\/p>\n","protected":false},"featured_media":109,"comment_status":"open","ping_status":"closed","template":"","meta":{"_exactmetrics_skip_tracking":false,"_exactmetrics_sitenote_active":false,"_exactmetrics_sitenote_note":"","_exactmetrics_sitenote_category":0},"product_brand":[],"product_cat":[31],"product_tag":[32,29],"class_list":{"0":"post-108","1":"product","2":"type-product","3":"status-publish","4":"has-post-thumbnail","6":"product_cat-anafes","7":"product_tag-anafes","8":"product_tag-brafh","9":"dc_vendor_shop-vendedor2","11":"first","12":"instock","13":"shipping-taxable","14":"product-type-simple"},"_links":{"self":[{"href":"http:\/\/franequip.com.ar\/wp2\/wp-json\/wp\/v2\/product\/108","targetHints":{"allow":["GET"]}}],"collection":[{"href":"http:\/\/franequip.com.ar\/wp2\/wp-json\/wp\/v2\/product"}],"about":[{"href":"http:\/\/franequip.com.ar\/wp2\/wp-json\/wp\/v2\/types\/product"}],"replies":[{"embeddable":true,"href":"http:\/\/franequip.com.ar\/wp2\/wp-json\/wp\/v2\/comments?post=108"}],"wp:featuredmedia":[{"embeddable":true,"href":"http:\/\/franequip.com.ar\/wp2\/wp-json\/wp\/v2\/media\/109"}],"wp:attachment":[{"href":"http:\/\/franequip.com.ar\/wp2\/wp-json\/wp\/v2\/media?parent=108"}],"wp:term":[{"taxonomy":"product_brand","embeddable":true,"href":"http:\/\/franequip.com.ar\/wp2\/wp-json\/wp\/v2\/product_brand?post=108"},{"taxonomy":"product_cat","embeddable":true,"href":"http:\/\/franequip.com.ar\/wp2\/wp-json\/wp\/v2\/product_cat?post=108"},{"taxonomy":"product_tag","embeddable":true,"href":"http:\/\/franequip.com.ar\/wp2\/wp-json\/wp\/v2\/product_tag?post=108"}],"curies":[{"name":"wp","href":"https:\/\/api.w.org\/{rel}","templated":true}]}}