{"id":106,"date":"2015-07-15T20:39:09","date_gmt":"2015-07-15T20:39:09","guid":{"rendered":"http:\/\/franequip.com.ar\/wp2\/?post_type=product&#038;p=106"},"modified":"2019-06-15T00:51:34","modified_gmt":"2019-06-15T00:51:34","slug":"horno-convector-tecno-calor-electrico-zeta-10","status":"publish","type":"product","link":"http:\/\/franequip.com.ar\/wp2\/producto\/horno-convector-tecno-calor-electrico-zeta-10\/","title":{"rendered":"Horno convector Tecno Calor electrico zeta 10"},"content":{"rendered":"<p>Horno convector Tecno Calor electrico zeta 10<\/p>\n<p>Los hornos convectores ZETA 10 son ideales para hornear productos de panader\u00eda y pasteler\u00eda, y por su dise\u00f1o y medidas, responden eficazmente como terminales de cocci\u00f3n de productos refrigerados o ultraenfriados. Son robustos, seguros, versatiles, consumen muy poco y garantizan una excelente cocci\u00f3n gracias a su exclusivo sistema de ventilaci\u00f3n forzada.<\/p>\n<p>TAMBIEN IDEAL PARA COCINAR TODO TIPO DE COMIDAS EN SU HOGAR !!!!!<\/p>\n<p>Caracteristicas tecnicas<\/p>\n<p>Tablero an\u00e1logo<br \/>\nRegulaci\u00f3n termostato 50 &#8211; 300\u00b0 C<br \/>\nCapacidad: 4 bandejas 440  x 320 mm<br \/>\nCamara de cocci\u00f3n enlozada<br \/>\nAislaci\u00f3n termica: Fibra mineral<br \/>\nPortabandejas: desmontables<br \/>\nPuerta: Vidrio templado de alta temperatura<br \/>\nTermostato de seguridad<br \/>\nNo necesita instalaci\u00f3n electrica especial, tampoco conducto extractor de humos<br \/>\nEspecificaciones<\/p>\n<p>Alimentaci\u00f3n electrica: 220 V &#8211; 50 Hz<br \/>\nConsumo maximo\/ (300\u00b0 C): 2,7 Kw\/hora<br \/>\nTension Electrica<br \/>\nAncho(mm) 600<br \/>\nAlto(mm) 580<br \/>\nProfundidad(mm)570<br \/>\nPeso: 42 Kg.<\/p>\n","protected":false},"excerpt":{"rendered":"<p>Horno convector Tecno Calor electrico zeta 10 Los hornos convectores ZETA 10 son ideales para hornear productos de panader\u00eda y pasteler\u00eda, y por su dise\u00f1o y medidas, responden eficazmente como terminales de cocci\u00f3n de productos refrigerados o ultraenfriados. Son robustos, seguros, versatiles, consumen muy poco y garantizan una excelente cocci\u00f3n gracias a su exclusivo sistema <a class=\"read-more\" href=\"http:\/\/franequip.com.ar\/wp2\/producto\/horno-convector-tecno-calor-electrico-zeta-10\/\">Read More<\/a><\/p>\n","protected":false},"featured_media":107,"comment_status":"open","ping_status":"closed","template":"","meta":{"_exactmetrics_skip_tracking":false,"_exactmetrics_sitenote_active":false,"_exactmetrics_sitenote_note":"","_exactmetrics_sitenote_category":0},"product_brand":[],"product_cat":[20],"product_tag":[26,28,21,14],"class_list":{"0":"post-106","1":"product","2":"type-product","3":"status-publish","4":"has-post-thumbnail","6":"product_cat-hornos","7":"product_tag-convector","8":"product_tag-electrico","9":"product_tag-horno","10":"product_tag-tecnocalor","11":"dc_vendor_shop-vendedor2","13":"first","14":"instock","15":"shipping-taxable","16":"product-type-simple"},"_links":{"self":[{"href":"http:\/\/franequip.com.ar\/wp2\/wp-json\/wp\/v2\/product\/106","targetHints":{"allow":["GET"]}}],"collection":[{"href":"http:\/\/franequip.com.ar\/wp2\/wp-json\/wp\/v2\/product"}],"about":[{"href":"http:\/\/franequip.com.ar\/wp2\/wp-json\/wp\/v2\/types\/product"}],"replies":[{"embeddable":true,"href":"http:\/\/franequip.com.ar\/wp2\/wp-json\/wp\/v2\/comments?post=106"}],"wp:featuredmedia":[{"embeddable":true,"href":"http:\/\/franequip.com.ar\/wp2\/wp-json\/wp\/v2\/media\/107"}],"wp:attachment":[{"href":"http:\/\/franequip.com.ar\/wp2\/wp-json\/wp\/v2\/media?parent=106"}],"wp:term":[{"taxonomy":"product_brand","embeddable":true,"href":"http:\/\/franequip.com.ar\/wp2\/wp-json\/wp\/v2\/product_brand?post=106"},{"taxonomy":"product_cat","embeddable":true,"href":"http:\/\/franequip.com.ar\/wp2\/wp-json\/wp\/v2\/product_cat?post=106"},{"taxonomy":"product_tag","embeddable":true,"href":"http:\/\/franequip.com.ar\/wp2\/wp-json\/wp\/v2\/product_tag?post=106"}],"curies":[{"name":"wp","href":"https:\/\/api.w.org\/{rel}","templated":true}]}}