{"id":104,"date":"2015-07-15T20:36:50","date_gmt":"2015-07-15T20:36:50","guid":{"rendered":"http:\/\/franequip.com.ar\/wp2\/?post_type=product&#038;p=104"},"modified":"2019-06-15T00:51:32","modified_gmt":"2019-06-15T00:51:32","slug":"horno-convector-tecno-calor-lt-04-05","status":"publish","type":"product","link":"http:\/\/franequip.com.ar\/wp2\/producto\/horno-convector-tecno-calor-lt-04-05\/","title":{"rendered":"Horno Convector Tecno Calor LT 04 \/ 05"},"content":{"rendered":"<p>Convector LT 04 \/ 05<br \/>\nCaracter\u00edsticas<br \/>\nHorno e interior acero inox. 304 quir\u00fargico<br \/>\n5 bandejas de 540 x 700 \u00f3 10 bandejas<br \/>\nGastronor 1\/1 <\/p>\n<p>Medidas<br \/>\nFrente: 0.940<br \/>\nProfundidad: 1.190<br \/>\nAltura: 0.690<\/p>\n","protected":false},"excerpt":{"rendered":"<p>Convector LT 04 \/ 05 Caracter\u00edsticas Horno e interior acero inox. 304 quir\u00fargico 5 bandejas de 540 x 700 \u00f3 10 bandejas Gastronor 1\/1 Medidas Frente: 0.940 Profundidad: 1.190 Altura: 0.690<\/p>\n","protected":false},"featured_media":105,"comment_status":"open","ping_status":"closed","template":"","meta":{"_exactmetrics_skip_tracking":false,"_exactmetrics_sitenote_active":false,"_exactmetrics_sitenote_note":"","_exactmetrics_sitenote_category":0},"product_brand":[],"product_cat":[20],"product_tag":[26,21,14],"class_list":{"0":"post-104","1":"product","2":"type-product","3":"status-publish","4":"has-post-thumbnail","6":"product_cat-hornos","7":"product_tag-convector","8":"product_tag-horno","9":"product_tag-tecnocalor","10":"dc_vendor_shop-vendedor2","12":"first","13":"instock","14":"shipping-taxable","15":"product-type-simple"},"_links":{"self":[{"href":"http:\/\/franequip.com.ar\/wp2\/wp-json\/wp\/v2\/product\/104","targetHints":{"allow":["GET"]}}],"collection":[{"href":"http:\/\/franequip.com.ar\/wp2\/wp-json\/wp\/v2\/product"}],"about":[{"href":"http:\/\/franequip.com.ar\/wp2\/wp-json\/wp\/v2\/types\/product"}],"replies":[{"embeddable":true,"href":"http:\/\/franequip.com.ar\/wp2\/wp-json\/wp\/v2\/comments?post=104"}],"wp:featuredmedia":[{"embeddable":true,"href":"http:\/\/franequip.com.ar\/wp2\/wp-json\/wp\/v2\/media\/105"}],"wp:attachment":[{"href":"http:\/\/franequip.com.ar\/wp2\/wp-json\/wp\/v2\/media?parent=104"}],"wp:term":[{"taxonomy":"product_brand","embeddable":true,"href":"http:\/\/franequip.com.ar\/wp2\/wp-json\/wp\/v2\/product_brand?post=104"},{"taxonomy":"product_cat","embeddable":true,"href":"http:\/\/franequip.com.ar\/wp2\/wp-json\/wp\/v2\/product_cat?post=104"},{"taxonomy":"product_tag","embeddable":true,"href":"http:\/\/franequip.com.ar\/wp2\/wp-json\/wp\/v2\/product_tag?post=104"}],"curies":[{"name":"wp","href":"https:\/\/api.w.org\/{rel}","templated":true}]}}